{"id":133,"date":"2018-12-18T10:40:10","date_gmt":"2018-12-18T08:40:10","guid":{"rendered":"http:\/\/piramidops.com\/?page_id=133"},"modified":"2026-01-12T12:30:44","modified_gmt":"2026-01-12T11:30:44","slug":"kurse","status":"publish","type":"page","link":"https:\/\/piramidops.com\/?page_id=133","title":{"rendered":"Basisbildungskurse"},"content":{"rendered":"\n<div class=\"wp-block-columns is-layout-flex wp-container-core-columns-is-layout-9d6595d7 wp-block-columns-is-layout-flex\">\n<div class=\"wp-block-column is-layout-flow wp-block-column-is-layout-flow\"><div class=\"wp-block-image\">\n<figure class=\"alignleft size-large is-resized\"><img loading=\"lazy\" decoding=\"async\" width=\"1024\" height=\"397\" src=\"https:\/\/piramidops.com\/wp-content\/uploads\/2024\/04\/Logo-LevelUP-Erwachsenenbildung-1-1024x397.png\" alt=\"\" class=\"wp-image-3181\" style=\"width:137px;height:auto\" srcset=\"https:\/\/piramidops.com\/wp-content\/uploads\/2024\/04\/Logo-LevelUP-Erwachsenenbildung-1-1024x397.png 1024w, https:\/\/piramidops.com\/wp-content\/uploads\/2024\/04\/Logo-LevelUP-Erwachsenenbildung-1-300x116.png 300w, https:\/\/piramidops.com\/wp-content\/uploads\/2024\/04\/Logo-LevelUP-Erwachsenenbildung-1-768x297.png 768w, https:\/\/piramidops.com\/wp-content\/uploads\/2024\/04\/Logo-LevelUP-Erwachsenenbildung-1-1536x595.png 1536w, https:\/\/piramidops.com\/wp-content\/uploads\/2024\/04\/Logo-LevelUP-Erwachsenenbildung-1-2048x793.png 2048w\" sizes=\"auto, (max-width: 1024px) 100vw, 1024px\" \/><\/figure>\n<\/div><\/div>\n\n\n\n<div class=\"wp-block-column is-layout-flow wp-block-column-is-layout-flow\"><div class=\"wp-block-image\">\n<figure class=\"alignleft size-large\"><img loading=\"lazy\" decoding=\"async\" width=\"1024\" height=\"215\" src=\"https:\/\/piramidops.com\/wp-content\/uploads\/2024\/04\/DE_Kofinanziert_von_der_Europaeischen_Union_POS_ab-15.07.2023-1024x215.png\" alt=\"\" class=\"wp-image-3182\" srcset=\"https:\/\/piramidops.com\/wp-content\/uploads\/2024\/04\/DE_Kofinanziert_von_der_Europaeischen_Union_POS_ab-15.07.2023-1024x215.png 1024w, https:\/\/piramidops.com\/wp-content\/uploads\/2024\/04\/DE_Kofinanziert_von_der_Europaeischen_Union_POS_ab-15.07.2023-300x63.png 300w, https:\/\/piramidops.com\/wp-content\/uploads\/2024\/04\/DE_Kofinanziert_von_der_Europaeischen_Union_POS_ab-15.07.2023-768x161.png 768w, https:\/\/piramidops.com\/wp-content\/uploads\/2024\/04\/DE_Kofinanziert_von_der_Europaeischen_Union_POS_ab-15.07.2023-1536x322.png 1536w, https:\/\/piramidops.com\/wp-content\/uploads\/2024\/04\/DE_Kofinanziert_von_der_Europaeischen_Union_POS_ab-15.07.2023-2048x430.png 2048w\" sizes=\"auto, (max-width: 1024px) 100vw, 1024px\" \/><\/figure>\n<\/div><\/div>\n\n\n\n<div class=\"wp-block-column is-layout-flow wp-block-column-is-layout-flow\"><div class=\"wp-block-image\">\n<figure class=\"alignright size-medium is-resized\"><img loading=\"lazy\" decoding=\"async\" width=\"300\" height=\"71\" src=\"https:\/\/piramidops.com\/wp-content\/uploads\/2024\/04\/MA17_Logo_Web-2-300x71.jpg\" alt=\"\" class=\"wp-image-3193\" style=\"width:220px;height:auto\" srcset=\"https:\/\/piramidops.com\/wp-content\/uploads\/2024\/04\/MA17_Logo_Web-2-300x71.jpg 300w, https:\/\/piramidops.com\/wp-content\/uploads\/2024\/04\/MA17_Logo_Web-2-1024x241.jpg 1024w, https:\/\/piramidops.com\/wp-content\/uploads\/2024\/04\/MA17_Logo_Web-2-768x181.jpg 768w, https:\/\/piramidops.com\/wp-content\/uploads\/2024\/04\/MA17_Logo_Web-2-1536x361.jpg 1536w, https:\/\/piramidops.com\/wp-content\/uploads\/2024\/04\/MA17_Logo_Web-2-2048x482.jpg 2048w\" sizes=\"auto, (max-width: 300px) 100vw, 300px\" \/><\/figure>\n<\/div><\/div>\n\n\n\n<div class=\"wp-block-column is-layout-flow wp-block-column-is-layout-flow\">\n<figure class=\"wp-block-image size-large is-resized\"><img loading=\"lazy\" decoding=\"async\" width=\"1024\" height=\"348\" src=\"https:\/\/piramidops.com\/wp-content\/uploads\/2025\/04\/BMFWF_Logo_srgb-1024x348.png\" alt=\"\" class=\"wp-image-4213\" style=\"width:215px;height:auto\" srcset=\"https:\/\/piramidops.com\/wp-content\/uploads\/2025\/04\/BMFWF_Logo_srgb-1024x348.png 1024w, https:\/\/piramidops.com\/wp-content\/uploads\/2025\/04\/BMFWF_Logo_srgb-300x102.png 300w, https:\/\/piramidops.com\/wp-content\/uploads\/2025\/04\/BMFWF_Logo_srgb-768x261.png 768w, https:\/\/piramidops.com\/wp-content\/uploads\/2025\/04\/BMFWF_Logo_srgb.png 1361w\" sizes=\"auto, (max-width: 1024px) 100vw, 1024px\" \/><\/figure>\n<\/div>\n<\/div>\n\n\n\n<h2 class=\"wp-block-heading has-nv-c-2-background-color has-background\">Basisbildungskurse 2026<\/h2>\n\n\n\n<p>Die <strong>Basisbildungskurse<\/strong> richten sich an Frauen, die (erste) systematische Schritte im Spracherwerb Deutsch setzen m\u00f6chten oder sich diese wieder erarbeiten wollen und zus\u00e4tzlich Kompetenzen (Sprechen, Schreiben, Lesen, Mobilit\u00e4t, digitale Kompetenzen, politische Bildung) erweitern m\u00f6chten. Die Teilnahme an den Kursangebote ist f\u00fcr die Teilnehmerinnen kostenlos. <\/p>\n\n\n\n<p class=\"has-text-align-left\" style=\"line-height:2\"><strong>B1<\/strong><br>12:00 &#8211; 14:50 Uhr<br>Montag &#8211; Donnerstag<br>12.01.2026 &#8211; 18.12.2026<\/p>\n\n\n\n<p class=\"has-text-align-left\" style=\"line-height:2\"><strong>A2<\/strong><br>08:45 &#8211; 11:35 Uhr<br>Montag &#8211; Donnerstag<br>12.01.2026 &#8211; 18.12.2026<\/p>\n\n\n\n<p><strong>Digi 1<\/strong><\/p>\n\n\n\n<p>8:45 &#8211; 11:35 Uhr<br>Donnerstag<br>12.01.2026 &#8211; 30.06.2026<\/p>\n\n\n\n<p><strong>Digi 2<\/strong><\/p>\n\n\n\n<p>12:00 &#8211; 14:50 Uhr<br> Donnerstag<br>12.01.2026 &#8211; 30.06.2026<\/p>\n\n\n\n<div class=\"wp-block-group\"><div class=\"wp-block-group__inner-container is-layout-flow wp-block-group-is-layout-flow\">\n<div class=\"wp-block-group\"><div class=\"wp-block-group__inner-container is-layout-flow wp-block-group-is-layout-flow\">\n<p class=\"has-text-align-left\"><strong>Alphabetisierung<\/strong><br><br>Der <strong>Alpha I-Kurs<\/strong> richtet sich an Frauen aus der T\u00fcrkei, die aus l\u00e4ndlichem Gebiet stammen; die keine M\u00f6glichkeiten hatten eine Schulbildung zu beginnen sowie Frauen mit t\u00fcrkischer Erstsprache und prim\u00e4rem Analphabetismus, die Schreib- und Lesekompetenzen in der lateinischen Schrift sowie Deutschkenntnisse erwerben und erweitern m\u00f6chten. Die Unterrichtsprachen sind Deutsch und T\u00fcrkisch.<br><br><strong>Alpha I <\/strong><br>Gruppe I: Dienstag 09:00 bis 12:00 Uhr, Freitag 09:00 bis 12:00 Uhr<br>Gruppe II: Dienstag 12:00 bis 15:00 Uhr, Freitag 12:00 bis 15:00 Uhr<br>12.01.2026 &#8211; 18.12.2026<\/p>\n<\/div><\/div>\n<\/div><\/div>\n\n\n\n<p class=\"has-text-align-left\" style=\"line-height:2\">Der <strong>Alpha II-Kurs <\/strong>richtet sich an Frauen aus Afghanistan, die Schreib- und Lesekompetenzen in der lateinischen Schrift sowie Deutschkenntnisse erwerben bzw. erweitern m\u00f6chten. <br>Die Unterrichtsprachen sind Deutsch und Dari.<br><br><strong>Alpha II<\/strong><br>Montag 09:00 &#8211; 12:00 Uhr und Mittwoch 09:00 &#8211; 12:00 Uhr<br>12.01.2026 &#8211; 18.12.2026<\/p>\n\n\n\n<p>W\u00e4hrend der Kurszeiten werden mehrsprachige (deutsch, t\u00fcrkisch, englisch, albanisch) Bildungs-, Sozial- und Lernberatungen sowie Kinderbetreuung angeboten.<\/p>\n","protected":false},"excerpt":{"rendered":"<p>Basisbildungskurse 2026 Die Basisbildungskurse richten sich an Frauen, die (erste) systematische Schritte im Spracherwerb Deutsch setzen m\u00f6chten oder sich diese wieder erarbeiten wollen und zus\u00e4tzlich Kompetenzen (Sprechen, Schreiben, Lesen, Mobilit\u00e4t, digitale Kompetenzen, politische Bildung) erweitern m\u00f6chten. Die Teilnahme an den Kursangebote ist f\u00fcr die Teilnehmerinnen kostenlos. B112:00 &#8211; 14:50 UhrMontag &#8211; Donnerstag12.01.2026 &#8211; 18.12.2026 A208:45&hellip;&nbsp;<a href=\"https:\/\/piramidops.com\/?page_id=133\" rel=\"bookmark\">Weiterlesen &raquo;<span class=\"screen-reader-text\">Basisbildungskurse<\/span><\/a><\/p>\n","protected":false},"author":2,"featured_media":0,"parent":0,"menu_order":0,"comment_status":"closed","ping_status":"closed","template":"","meta":{"neve_meta_sidebar":"","neve_meta_container":"","neve_meta_enable_content_width":"","neve_meta_content_width":0,"neve_meta_title_alignment":"","neve_meta_author_avatar":"","neve_post_elements_order":"","neve_meta_disable_header":"","neve_meta_disable_footer":"","neve_meta_disable_title":"","footnotes":""},"class_list":["post-133","page","type-page","status-publish","hentry"],"jetpack_sharing_enabled":true,"_links":{"self":[{"href":"https:\/\/piramidops.com\/index.php?rest_route=\/wp\/v2\/pages\/133","targetHints":{"allow":["GET"]}}],"collection":[{"href":"https:\/\/piramidops.com\/index.php?rest_route=\/wp\/v2\/pages"}],"about":[{"href":"https:\/\/piramidops.com\/index.php?rest_route=\/wp\/v2\/types\/page"}],"author":[{"embeddable":true,"href":"https:\/\/piramidops.com\/index.php?rest_route=\/wp\/v2\/users\/2"}],"replies":[{"embeddable":true,"href":"https:\/\/piramidops.com\/index.php?rest_route=%2Fwp%2Fv2%2Fcomments&post=133"}],"version-history":[{"count":25,"href":"https:\/\/piramidops.com\/index.php?rest_route=\/wp\/v2\/pages\/133\/revisions"}],"predecessor-version":[{"id":5102,"href":"https:\/\/piramidops.com\/index.php?rest_route=\/wp\/v2\/pages\/133\/revisions\/5102"}],"wp:attachment":[{"href":"https:\/\/piramidops.com\/index.php?rest_route=%2Fwp%2Fv2%2Fmedia&parent=133"}],"curies":[{"name":"wp","href":"https:\/\/api.w.org\/{rel}","templated":true}]}}