{"id":139,"date":"2018-12-18T10:46:52","date_gmt":"2018-12-18T08:46:52","guid":{"rendered":"http:\/\/piramidops.com\/?page_id=139"},"modified":"2026-01-12T12:33:26","modified_gmt":"2026-01-12T11:33:26","slug":"amif-sprachkurse","status":"publish","type":"page","link":"https:\/\/piramidops.com\/?page_id=139","title":{"rendered":"Sprache und Bildung"},"content":{"rendered":"\n<div class=\"wp-block-columns is-layout-flex wp-container-core-columns-is-layout-9d6595d7 wp-block-columns-is-layout-flex\">\n<div class=\"wp-block-column is-layout-flow wp-block-column-is-layout-flow\" style=\"flex-basis:50%\">\n<figure class=\"wp-block-image size-large\"><img loading=\"lazy\" decoding=\"async\" width=\"1024\" height=\"215\" src=\"https:\/\/piramidops.com\/wp-content\/uploads\/2023\/10\/grafik-6-1024x215.png\" alt=\"\" class=\"wp-image-2716\" srcset=\"https:\/\/piramidops.com\/wp-content\/uploads\/2023\/10\/grafik-6-1024x215.png 1024w, https:\/\/piramidops.com\/wp-content\/uploads\/2023\/10\/grafik-6-300x63.png 300w, https:\/\/piramidops.com\/wp-content\/uploads\/2023\/10\/grafik-6-768x161.png 768w, https:\/\/piramidops.com\/wp-content\/uploads\/2023\/10\/grafik-6-1536x322.png 1536w, https:\/\/piramidops.com\/wp-content\/uploads\/2023\/10\/grafik-6-2048x430.png 2048w\" sizes=\"auto, (max-width: 1024px) 100vw, 1024px\" \/><\/figure>\n<\/div>\n\n\n\n<div class=\"wp-block-column is-layout-flow wp-block-column-is-layout-flow\" style=\"flex-basis:50%\">\n<figure class=\"wp-block-image size-large\"><img loading=\"lazy\" decoding=\"async\" width=\"1024\" height=\"181\" src=\"https:\/\/piramidops.com\/wp-content\/uploads\/2025\/04\/BKA_Logo-1024x181.jpg\" alt=\"\" class=\"wp-image-4221\" srcset=\"https:\/\/piramidops.com\/wp-content\/uploads\/2025\/04\/BKA_Logo-1024x181.jpg 1024w, https:\/\/piramidops.com\/wp-content\/uploads\/2025\/04\/BKA_Logo-300x53.jpg 300w, https:\/\/piramidops.com\/wp-content\/uploads\/2025\/04\/BKA_Logo-768x136.jpg 768w, https:\/\/piramidops.com\/wp-content\/uploads\/2025\/04\/BKA_Logo.jpg 1202w\" sizes=\"auto, (max-width: 1024px) 100vw, 1024px\" \/><\/figure>\n<\/div>\n<\/div>\n\n\n\n<h2 class=\"wp-block-heading has-nv-c-2-background-color has-background has-large-font-size\">Sprache und Bildung: Chancen f\u00fcr Frauen und Familien<\/h2>\n\n\n\n<p>niederschwellige Sprach- und Konversationsangebote f\u00fcr Frauen mit Kinderbetreuungsbedarf.<\/p>\n\n\n\n<p><br><strong>Kurse 2026: <\/strong><\/p>\n\n\n\n<p><strong>B1<\/strong><br>Montag &#8211; Donnerstag<br>08:45 &#8211; 11:35 Uhr<br>12.01.2026 &#8211; 30.06.2026<\/p>\n\n\n\n<p><strong>A<\/strong> 1<br>Montag &#8211; Donnerstag<br>12:00 &#8211; 14:50 Uhr<br>12.01.2026 &#8211; 30.06.2026<\/p>\n\n\n\n<p><strong>Konversationskurs f\u00fcr Frauen<\/strong><\/p>\n\n\n\n<p>Freitags 09:30 &#8211; 11:30 Uhr (Pl\u00e4tze gibt es nur mehr f\u00fcr die Warteliste)<\/p>\n\n\n\n<p>N\u00e4chster Durchgang startet im Februar 2026 <\/p>\n\n\n\n<p><\/p>\n\n\n\n<p><\/p>\n\n\n<p>Die Kurse werden von einem Zusatzprogramm begleitet, welches Veranstaltungen zu Elternbildung, Einbindung von Ehrenamtlichen und\u00a0 Beratung\u00a0 beinhaltet. Die Kurse schlie\u00dfen auf Wunsch mit einer \u00d6IF Pr\u00fcfung ab.<\/p>\n<p>*<em>Das Projekt wird von Mitteln des Bundeskanzleramts und des Asyl- und Migrationsfonds (AMIF) finanziert .<\/em><\/p>\n\n\n<p><\/p>\n","protected":false},"excerpt":{"rendered":"<p>Sprache und Bildung: Chancen f\u00fcr Frauen und Familien niederschwellige Sprach- und Konversationsangebote f\u00fcr Frauen mit Kinderbetreuungsbedarf. Kurse 2026: B1Montag &#8211; Donnerstag08:45 &#8211; 11:35 Uhr12.01.2026 &#8211; 30.06.2026 A 1Montag &#8211; Donnerstag12:00 &#8211; 14:50 Uhr12.01.2026 &#8211; 30.06.2026 Konversationskurs f\u00fcr Frauen Freitags 09:30 &#8211; 11:30 Uhr (Pl\u00e4tze gibt es nur mehr f\u00fcr die Warteliste) N\u00e4chster Durchgang startet im&hellip;&nbsp;<a href=\"https:\/\/piramidops.com\/?page_id=139\" rel=\"bookmark\">Weiterlesen &raquo;<span class=\"screen-reader-text\">Sprache und Bildung<\/span><\/a><\/p>\n","protected":false},"author":2,"featured_media":0,"parent":0,"menu_order":0,"comment_status":"closed","ping_status":"closed","template":"","meta":{"neve_meta_sidebar":"full-width","neve_meta_container":"","neve_meta_enable_content_width":"off","neve_meta_content_width":70,"neve_meta_title_alignment":"left","neve_meta_author_avatar":"","neve_post_elements_order":"","neve_meta_disable_header":"off","neve_meta_disable_footer":"","neve_meta_disable_title":"","footnotes":""},"class_list":["post-139","page","type-page","status-publish","hentry"],"jetpack_sharing_enabled":true,"_links":{"self":[{"href":"https:\/\/piramidops.com\/index.php?rest_route=\/wp\/v2\/pages\/139","targetHints":{"allow":["GET"]}}],"collection":[{"href":"https:\/\/piramidops.com\/index.php?rest_route=\/wp\/v2\/pages"}],"about":[{"href":"https:\/\/piramidops.com\/index.php?rest_route=\/wp\/v2\/types\/page"}],"author":[{"embeddable":true,"href":"https:\/\/piramidops.com\/index.php?rest_route=\/wp\/v2\/users\/2"}],"replies":[{"embeddable":true,"href":"https:\/\/piramidops.com\/index.php?rest_route=%2Fwp%2Fv2%2Fcomments&post=139"}],"version-history":[{"count":24,"href":"https:\/\/piramidops.com\/index.php?rest_route=\/wp\/v2\/pages\/139\/revisions"}],"predecessor-version":[{"id":5105,"href":"https:\/\/piramidops.com\/index.php?rest_route=\/wp\/v2\/pages\/139\/revisions\/5105"}],"wp:attachment":[{"href":"https:\/\/piramidops.com\/index.php?rest_route=%2Fwp%2Fv2%2Fmedia&parent=139"}],"curies":[{"name":"wp","href":"https:\/\/api.w.org\/{rel}","templated":true}]}}