{"id":1527,"date":"2018-09-04T13:05:15","date_gmt":"2018-09-04T11:05:15","guid":{"rendered":"https:\/\/piramidopscom.wordpress.com\/?page_id=2"},"modified":"2025-10-29T09:12:05","modified_gmt":"2025-10-29T08:12:05","slug":"ueber","status":"publish","type":"page","link":"https:\/\/piramidops.com\/?page_id=1527","title":{"rendered":"\u00dcber"},"content":{"rendered":"<p><b><span style=\"margin: 0; line-height: 120%; font-family: 'Arial', sans-serif; font-size: 11pt;\"><span style=\"color: #000000;\">Im Verein arbeiten: <\/span><\/span><\/b><\/p>\n<ul>\n<li>14 Mitarbeiter:innen in den Bereichen Bildung, Beratung und Gemeinwesenarbeit<\/li>\n<\/ul>\n<p>&nbsp;<\/p>\n<p><b><span style=\"margin: 0; font-family: 'Arial', sans-serif;\"><span style=\"color: #000000; font-size: medium;\">Standpunkte, Ausgangspunkte und Perspektiven: <\/span><\/span><\/b><\/p>\n<p><span style=\"margin: 0; font-family: 'Arial', sans-serif;\"><span style=\"color: #000000; font-size: medium;\">Das Ziel des Vereins ist ein sozial gerechtes, respektvolles und wertsch\u00e4tzendes, chancengleiches und emanzipatorisches, vielf\u00e4ltiges, diskriminierungsfreies und barrierefreies Leben f\u00fcr Alle in der \u00f6sterreichischen Migrationsgesellschaft. <\/span><\/span><\/p>\n<p><span style=\"margin: 0; font-family: 'Arial', sans-serif;\"><span style=\"color: #000000; font-size: medium;\">Der Verein Piramidops\/Frauentreff steht f\u00fcr einen partizipativen Begegnungsraum in dem professionelles Handeln zur Unterst\u00fctzung der Interessen von Frauen im Vordergrund steht. Das geht nicht ohne professionelle Reflexion des eigenen Tuns, um die Widerspr\u00fcche und unsichtbaren Hierarchien und Barrieren nicht aus den Augen zu verlieren und um ein kollektives und partizipatives\u00a0 Handeln trotz allem zu verwirklichen. Wir stehen f\u00fcr selbstbestimmtes Leben, Lernen und Arbeiten f\u00fcr Alle und arbeiten an wertsch\u00e4tzenden Verh\u00e4ltnissen, die ein solches denkbar und m\u00f6glich machen. <\/span><\/span><\/p>\n<p><span style=\"margin: 0; font-family: 'Arial', sans-serif;\"><span style=\"color: #000000; font-size: medium;\">Zur Verwirklichung unserer Ziele sind uns die Niederschwelligkeit der Angebote des Vereins, das H\u00f6ren auf und das Verstehen von Erfahrungen, Tr\u00e4umen und Interessen von Frauen wichtig sowie die Zeit und der Raum zusammen an individuellen und gemeinschaftlichen Verwirklichungen zu arbeiten. <\/span><\/span><\/p>\n<p><span style=\"margin: 0; font-family: 'Arial', sans-serif;\"><span style=\"color: #000000; font-size: medium;\">Wir bieten Raum f\u00fcr kritische Bildungsarbeit, forschende und politische Auseinandersetzungen, solidarische und emanzipatorische Beratungs- und Unterst\u00fctzungsarbeit, k\u00fcnstlerische, kreative, sportliche und nachbarschaftliche Begegnungen und Initiativen. <\/span><\/span><\/p>\n<p><span style=\"margin: 0; font-family: 'Arial', sans-serif;\"><span style=\"color: #000000; font-size: medium;\">Wichtig ist uns dabei eine wertsch\u00e4tzende und respektvolle, best\u00e4rkende, offene und diskriminierungsfreie Atmosph\u00e4re, welche sich in der Praxis im Handeln und Tun der einzelnen Beteiligten widerspiegelt. <\/span><\/span><\/p>\n<p><span style=\"margin: 0; font-family: 'Arial', sans-serif;\"><span style=\"font-size: medium;\"><span style=\"color: #000000;\">Gemeinschaftlich und reflexiv arbeiten wir st\u00e4ndig weiter an und in diesem Freiraum, in dem unz\u00e4hlige Frauenleben und ihre Erfahrungen eingewoben sind, einem Raum der mit der Geschichte dieser Stadt verkn\u00fcpft ist, einem Raum der f\u00fcr viele Frauen zu ihrem Raum wurde und der dabei immer niederschwellig bleiben mag.\u00a0 <\/span><\/span><\/span><\/p>\n<p><span style=\"color: #000000; font-family: Times New Roman; font-size: medium;\">\u00a0Das Frauentreff Team<\/span><\/p>\n<p><span style=\"margin: 0; line-height: 120%; font-family: 'Corbel', sans-serif; font-size: 11pt;\"><span style=\"color: #000000;\">\u00a0<\/span><\/span><\/p>\n<p><span style=\"margin: 0; line-height: 120%; font-family: 'Corbel', sans-serif; font-size: 11pt;\"><span style=\"color: #000000;\">\u00a0<\/span><\/span><\/p>\n\n\n<figure class=\"wp-block-image size-large\"><img loading=\"lazy\" decoding=\"async\" width=\"1024\" height=\"683\" src=\"https:\/\/piramidops.com\/wp-content\/uploads\/2024\/02\/IMG_2766-1024x683.jpg\" alt=\"\" class=\"wp-image-2955\" srcset=\"https:\/\/piramidops.com\/wp-content\/uploads\/2024\/02\/IMG_2766-1024x683.jpg 1024w, https:\/\/piramidops.com\/wp-content\/uploads\/2024\/02\/IMG_2766-300x200.jpg 300w, https:\/\/piramidops.com\/wp-content\/uploads\/2024\/02\/IMG_2766-768x512.jpg 768w, https:\/\/piramidops.com\/wp-content\/uploads\/2024\/02\/IMG_2766-1536x1024.jpg 1536w, https:\/\/piramidops.com\/wp-content\/uploads\/2024\/02\/IMG_2766-2048x1365.jpg 2048w, https:\/\/piramidops.com\/wp-content\/uploads\/2024\/02\/IMG_2766-930x620.jpg 930w\" sizes=\"auto, (max-width: 1024px) 100vw, 1024px\" \/><\/figure>\n","protected":false},"excerpt":{"rendered":"<p>Im Verein arbeiten: 14 Mitarbeiter:innen in den Bereichen Bildung, Beratung und Gemeinwesenarbeit &nbsp; Standpunkte, Ausgangspunkte und Perspektiven: Das Ziel des Vereins ist ein sozial gerechtes, respektvolles und wertsch\u00e4tzendes, chancengleiches und emanzipatorisches, vielf\u00e4ltiges, diskriminierungsfreies und barrierefreies Leben f\u00fcr Alle in der \u00f6sterreichischen Migrationsgesellschaft. Der Verein Piramidops\/Frauentreff steht f\u00fcr einen partizipativen Begegnungsraum in dem professionelles Handeln zur&hellip;&nbsp;<a href=\"https:\/\/piramidops.com\/?page_id=1527\" rel=\"bookmark\">Weiterlesen &raquo;<span class=\"screen-reader-text\">\u00dcber<\/span><\/a><\/p>\n","protected":false},"author":2,"featured_media":0,"parent":0,"menu_order":1,"comment_status":"closed","ping_status":"closed","template":"","meta":{"neve_meta_sidebar":"","neve_meta_container":"","neve_meta_enable_content_width":"","neve_meta_content_width":0,"neve_meta_title_alignment":"","neve_meta_author_avatar":"","neve_post_elements_order":"","neve_meta_disable_header":"","neve_meta_disable_footer":"","neve_meta_disable_title":"","footnotes":""},"class_list":["post-1527","page","type-page","status-publish","hentry"],"jetpack_sharing_enabled":false,"_links":{"self":[{"href":"https:\/\/piramidops.com\/index.php?rest_route=\/wp\/v2\/pages\/1527","targetHints":{"allow":["GET"]}}],"collection":[{"href":"https:\/\/piramidops.com\/index.php?rest_route=\/wp\/v2\/pages"}],"about":[{"href":"https:\/\/piramidops.com\/index.php?rest_route=\/wp\/v2\/types\/page"}],"author":[{"embeddable":true,"href":"https:\/\/piramidops.com\/index.php?rest_route=\/wp\/v2\/users\/2"}],"replies":[{"embeddable":true,"href":"https:\/\/piramidops.com\/index.php?rest_route=%2Fwp%2Fv2%2Fcomments&post=1527"}],"version-history":[{"count":3,"href":"https:\/\/piramidops.com\/index.php?rest_route=\/wp\/v2\/pages\/1527\/revisions"}],"predecessor-version":[{"id":4905,"href":"https:\/\/piramidops.com\/index.php?rest_route=\/wp\/v2\/pages\/1527\/revisions\/4905"}],"wp:attachment":[{"href":"https:\/\/piramidops.com\/index.php?rest_route=%2Fwp%2Fv2%2Fmedia&parent=1527"}],"curies":[{"name":"wp","href":"https:\/\/api.w.org\/{rel}","templated":true}]}}