{"id":1965,"date":"2022-11-29T17:12:43","date_gmt":"2022-11-29T16:12:43","guid":{"rendered":"https:\/\/piramidops.com\/?page_id=1965"},"modified":"2025-09-03T09:05:41","modified_gmt":"2025-09-03T07:05:41","slug":"podcast-frauenstimmen","status":"publish","type":"page","link":"https:\/\/piramidops.com\/?page_id=1965","title":{"rendered":"Podcast Frauen*stimmen (abgeschlossen)"},"content":{"rendered":"\n<p><\/p>\n\n\n\n<figure class=\"wp-block-image size-full\"><a href=\"https:\/\/www.instagram.com\/frauenstimmen.podcast\/\"><img loading=\"lazy\" decoding=\"async\" width=\"350\" height=\"163\" src=\"https:\/\/piramidops.com\/wp-content\/uploads\/2022\/11\/FS_farben_Hoch_no-name_350x163.png\" alt=\"\" class=\"wp-image-1968\" srcset=\"https:\/\/piramidops.com\/wp-content\/uploads\/2022\/11\/FS_farben_Hoch_no-name_350x163.png 350w, https:\/\/piramidops.com\/wp-content\/uploads\/2022\/11\/FS_farben_Hoch_no-name_350x163-300x140.png 300w\" sizes=\"auto, (max-width: 350px) 100vw, 350px\" \/><\/a><\/figure>\n\n\n\n<blockquote class=\"wp-block-quote has-text-align-right is-layout-flow wp-block-quote-is-layout-flow\">\n<p id=\"block-197dc5c6-966e-43a2-ad4d-6d1adca05f14\">Wir machen diesen Podcast f\u00fcr uns und f\u00fcr alle Frauen*, f\u00fcr Arbeiter:innen, Hausfrauen, egal f\u00fcr alle, dass sie uns h\u00f6ren und verstehen sie sind nicht allein und sie haben Rechte und sie haben Schutz.<\/p>\n<cite>Podcast Lernredaktion Verein Piramidops\/Frauentreff<\/cite><\/blockquote>\n\n\n\n<figure class=\"wp-block-embed is-type-video is-provider-vimeo wp-block-embed-vimeo wp-embed-aspect-16-9 wp-has-aspect-ratio\"><div class=\"wp-block-embed__wrapper\">\n<div class=\"nv-iframe-embed\"><iframe loading=\"lazy\" title=\"AK Digioffensive - Frauen*stimmenpodcast\" src=\"https:\/\/player.vimeo.com\/video\/836815615?dnt=1&amp;app_id=122963\" width=\"1200\" height=\"675\" frameborder=\"0\" allow=\"autoplay; fullscreen; picture-in-picture\"><\/iframe><\/div>\n<\/div><\/figure>\n\n\n\n<script class=\"podigee-podcast-player\" src=\"https:\/\/player.podigee-cdn.net\/podcast-player\/javascripts\/podigee-podcast-player.js\" data-configuration=\"https:\/\/podcast-frauenstimmen.podigee.io\/embed?context=external\"><\/script>\n\n\n\n<div class=\"wp-block-buttons is-content-justification-center is-layout-flex wp-container-core-buttons-is-layout-16018d1d wp-block-buttons-is-layout-flex\">\n<div class=\"wp-block-button\"><a class=\"wp-block-button__link wp-element-button\" href=\"https:\/\/www.instagram.com\/frauenstimmen.podcast\/\" target=\"_blank\" rel=\"noreferrer noopener\">Instagram<\/a><\/div>\n\n\n\n<div class=\"wp-block-button\"><a class=\"wp-block-button__link wp-element-button\" href=\"https:\/\/www.youtube.com\/@frauenstimmenpodcast\" target=\"_blank\" rel=\"noreferrer noopener\">YouTube<\/a><\/div>\n\n\n\n<div class=\"wp-block-button\"><a class=\"wp-block-button__link wp-element-button\" href=\"https:\/\/open.spotify.com\/show\/0JgLfNtZiF98cjjWFDu3Q7?si=b9709791dc7046ce&amp;nd=1\" target=\"_blank\" rel=\"noreferrer noopener\">Spotify<\/a><\/div>\n\n\n\n<div class=\"wp-block-button\"><a class=\"wp-block-button__link wp-element-button\" href=\"https:\/\/podcasts.apple.com\/at\/podcast\/podcast-frauen-stimmen\/id1664152440\" target=\"_blank\" rel=\"noreferrer noopener\">Apple Podcast<\/a><\/div>\n<\/div>\n\n\n\n<p><\/p>\n\n\n\n<p>Nach einer langen Planungsphase konnte im Fr\u00fchjahr 2022 mit Hilfe der Arbeiterkammer Wien in den Vereinen Piramidops\/Frauentreff und Projekt Integrationshaus mit dem Aufbau einer Podcast Lernredaktion begonnen werden.<\/p>\n\n\n\n<p>Die Motivation zur Verwirklichung dieses Projekts kam dabei aus den W\u00fcnschen von Frauen* aus verschiedenen Projekten der Vereine Piramidops\/Frauentreff und Verein Projekt Integrationshaus eine eigene und selbstverwaltete Plattform zu haben um ihre Erfahrungen, Meinungen, Ideen, Vorschl\u00e4ge und Forderungen wirksam zu ver\u00f6ffentlichen. Mit dem Aufbau der Podcast Lernredaktionen wollen wir diesem Wunsch nachkommen.<\/p>\n\n\n\n<blockquote class=\"wp-block-quote has-text-align-right is-layout-flow wp-block-quote-is-layout-flow\">\n<p>Wir sind Frauen* aus verschiedenen L\u00e4ndern, wir haben uns viel untereinander ausgetauscht und wir haben viel voneinander gelernt, doch wir f\u00fchlen das ist nicht genug. Wir wollen unsere Stimme weiterbringen. Wo andere uns h\u00f6ren k\u00f6nnen.<\/p>\n<cite>Podcast Lernredaktion Verein Piramidops\/Frauentreff<\/cite><\/blockquote>\n\n\n\n<p>Oft werden in Workshops und Gruppen komplexe Themen und Herausforderungen bearbeitet und L\u00f6sungen erarbeitet, die die Mehrfachbelastungen von Migrant:innen in Wien betreffen. Doch das so erarbeitete Wissen erreicht selten eine breitere \u00d6ffentlichkeit und noch viel weniger die betreffenden Entscheidungstr\u00e4ger:innen. So werden zwar die individuelle Widerstandsf\u00e4higkeit und das Gemeinschaftsgef\u00fchl gest\u00e4rkt, doch die gesellschaftlichen und politischen Komponenten bleiben unber\u00fchrt. Mit dem Podcast Frauenstimmen werden in den beiden Lernredaktionen Episoden produziert und ver\u00f6ffentlicht. Dabei sind die mitwirkenden Frauen an der Konzeption und Verwirklichung entscheidungstragend. Im Vordergrund steht immer die Niederschwelligkeit, kein technisches noch (schrift)sprachliches Vorwissen sollte f\u00fcr die Teilhabe notwendig sein. Das Interesse und das engagierte Mittun stehen im Mittelpunkt.<\/p>\n\n\n\n<blockquote class=\"wp-block-quote has-text-align-right is-layout-flow wp-block-quote-is-layout-flow\">\n<p>Ich mag lieber das schneiden, ich mag nicht so gerne viel sprechen, mir gef\u00e4llt die technische Arbeit mehr.<\/p>\n<cite>Podcast Lernredaktion Verein Piramidops\/Frauentreff<\/cite><\/blockquote>\n\n\n\n<p>Unterst\u00fctzt durch Radio Orange und hier vor allem der Trainerin Maiada Hadaia wird der Umgang mit technischen Ger\u00e4ten, das Sprechen in Mikrophone, das Aufnehmen und Schneiden von Grund auf gemeinsam erarbeitet. Senem Kahraman-Pierer vom Podcast Stadt der Migrant_innen unterst\u00fctzt mit ihrem Wissen im Umgang mit Social Media und \u00d6ffentlichkeitsarbeit. &nbsp;<\/p>\n\n\n\n<blockquote class=\"wp-block-quote has-text-align-right is-layout-flow wp-block-quote-is-layout-flow\">\n<p>Wir treffen uns hier jeden Freitag und wir haben gemeinsam einen sch\u00f6nen Tag pro Woche. Es ist wie ein Moment zum Luftholen. Eine Pause vom Alltag.<\/p>\n<cite>Podcast Lernredaktion Verein Piramidops\/Frauentreff<\/cite><\/blockquote>\n\n\n\n<p>Aus den beiden Lernredaktionen werden es ab Dezember 2022 in unregelm\u00e4\u00dfigen Abst\u00e4nden Episoden ver\u00f6ffentlicht. Infos dazu gibt es auf Instagram und Facebook: podcast.frauenstimmen und auf den Webseiten der Vereine Piramidops\/Frauentreff und Projekt Integrationshaus.<\/p>\n\n\n\n<h2 class=\"wp-block-heading has-luminous-vivid-orange-background-color has-background\"><strong>\u00dcber das Projekt<\/strong><\/h2>\n\n\n\n<p>Beitrag im Gr\u00e4tzelblatt 2022\/4 \u00fcber den Podcast Frauenstimmen<\/p>\n\n\n\n<div class=\"wp-block-buttons is-layout-flex wp-block-buttons-is-layout-flex\">\n<div class=\"wp-block-button\"><a class=\"wp-block-button__link wp-element-button\" href=\"https:\/\/graetzl-blattl.at\/zeitung\/index.php?chosen=70d74eaeed4e2d451fbe9c342d7b173d\" target=\"_blank\" rel=\"noreferrer noopener\">Zum Nachlesen<\/a><\/div>\n<\/div>\n\n\n\n<p class=\"has-small-font-size\">Gr\u00e4tzlblatt 2022\/4<\/p>\n\n\n\n<h2 class=\"wp-block-heading has-luminous-vivid-orange-background-color has-background\"><strong>Wollt ihr selbst einen Podcast starten? <\/strong><\/h2>\n\n\n\n<div class=\"wp-block-buttons is-layout-flex wp-block-buttons-is-layout-flex\">\n<div class=\"wp-block-button\"><a class=\"wp-block-button__link wp-element-button\" href=\"https:\/\/piramidops.com\/wp-content\/uploads\/2024\/01\/PODCAST-Frauenstimmen_pages_web.pdf\" target=\"_blank\" rel=\"noreferrer noopener\">Der Leitfaden zum Download <\/a><\/div>\n<\/div>\n\n\n\n<p><\/p>\n\n\n\n<figure class=\"wp-block-embed is-type-video is-provider-youtube wp-block-embed-youtube wp-embed-aspect-16-9 wp-has-aspect-ratio\"><div class=\"wp-block-embed__wrapper\">\n<div class=\"nv-iframe-embed\"><iframe loading=\"lazy\" title=\"Einen Podcast starten: Wie st\u00e4rke ich meine Stimme und spreche entspannt?\" width=\"1200\" height=\"675\" src=\"https:\/\/www.youtube.com\/embed\/m4fCCiIOcfQ?feature=oembed\" frameborder=\"0\" allow=\"accelerometer; autoplay; clipboard-write; encrypted-media; gyroscope; picture-in-picture; web-share\" allowfullscreen><\/iframe><\/div>\n<\/div><\/figure>\n\n\n\n<p><\/p>\n\n\n\n<figure class=\"wp-block-embed is-type-video is-provider-youtube wp-block-embed-youtube wp-embed-aspect-16-9 wp-has-aspect-ratio\"><div class=\"wp-block-embed__wrapper\">\n<div class=\"nv-iframe-embed\"><iframe loading=\"lazy\" title=\"Einen Podcast starten: Welches Mikrofon brauche ich?\" width=\"1200\" height=\"675\" src=\"https:\/\/www.youtube.com\/embed\/-2BefC-8F-k?feature=oembed\" frameborder=\"0\" allow=\"accelerometer; autoplay; clipboard-write; encrypted-media; gyroscope; picture-in-picture; web-share\" allowfullscreen><\/iframe><\/div>\n<\/div><\/figure>\n\n\n\n<p><\/p>\n\n\n\n<figure class=\"wp-block-embed is-type-video is-provider-youtube wp-block-embed-youtube wp-embed-aspect-16-9 wp-has-aspect-ratio\"><div class=\"wp-block-embed__wrapper\">\n<div class=\"nv-iframe-embed\"><iframe loading=\"lazy\" title=\"Einen Podcast starten: Angst vor dem Sprechen ins Mikrofon? Worauf muss ich achten?\" width=\"1200\" height=\"675\" src=\"https:\/\/www.youtube.com\/embed\/qrrG3sjS-bM?feature=oembed\" frameborder=\"0\" allow=\"accelerometer; autoplay; clipboard-write; encrypted-media; gyroscope; picture-in-picture; web-share\" allowfullscreen><\/iframe><\/div>\n<\/div><\/figure>\n\n\n\n<p>Der Podcast Frauenstimmen ist ein Kooperationsprojekt zwischen dem Verein Projekt Integrationshaus, dem Verein Piramidops und dem Digifonds der Arbeiterkammer Wien.<\/p>\n","protected":false},"excerpt":{"rendered":"<p>Wir machen diesen Podcast f\u00fcr uns und f\u00fcr alle Frauen*, f\u00fcr Arbeiter:innen, Hausfrauen, egal f\u00fcr alle, dass sie uns h\u00f6ren und verstehen sie sind nicht allein und sie haben Rechte und sie haben Schutz. Podcast Lernredaktion Verein Piramidops\/Frauentreff Nach einer langen Planungsphase konnte im Fr\u00fchjahr 2022 mit Hilfe der Arbeiterkammer Wien in den Vereinen Piramidops\/Frauentreff&hellip;&nbsp;<a href=\"https:\/\/piramidops.com\/?page_id=1965\" rel=\"bookmark\">Weiterlesen &raquo;<span class=\"screen-reader-text\">Podcast Frauen*stimmen (abgeschlossen)<\/span><\/a><\/p>\n","protected":false},"author":2,"featured_media":0,"parent":0,"menu_order":0,"comment_status":"closed","ping_status":"closed","template":"","meta":{"neve_meta_sidebar":"","neve_meta_container":"","neve_meta_enable_content_width":"","neve_meta_content_width":0,"neve_meta_title_alignment":"center","neve_meta_author_avatar":"","neve_post_elements_order":"","neve_meta_disable_header":"","neve_meta_disable_footer":"","neve_meta_disable_title":"","footnotes":""},"class_list":["post-1965","page","type-page","status-publish","hentry"],"jetpack_sharing_enabled":true,"_links":{"self":[{"href":"https:\/\/piramidops.com\/index.php?rest_route=\/wp\/v2\/pages\/1965","targetHints":{"allow":["GET"]}}],"collection":[{"href":"https:\/\/piramidops.com\/index.php?rest_route=\/wp\/v2\/pages"}],"about":[{"href":"https:\/\/piramidops.com\/index.php?rest_route=\/wp\/v2\/types\/page"}],"author":[{"embeddable":true,"href":"https:\/\/piramidops.com\/index.php?rest_route=\/wp\/v2\/users\/2"}],"replies":[{"embeddable":true,"href":"https:\/\/piramidops.com\/index.php?rest_route=%2Fwp%2Fv2%2Fcomments&post=1965"}],"version-history":[{"count":21,"href":"https:\/\/piramidops.com\/index.php?rest_route=\/wp\/v2\/pages\/1965\/revisions"}],"predecessor-version":[{"id":4778,"href":"https:\/\/piramidops.com\/index.php?rest_route=\/wp\/v2\/pages\/1965\/revisions\/4778"}],"wp:attachment":[{"href":"https:\/\/piramidops.com\/index.php?rest_route=%2Fwp%2Fv2%2Fmedia&parent=1965"}],"curies":[{"name":"wp","href":"https:\/\/api.w.org\/{rel}","templated":true}]}}