{"id":20,"date":"2018-09-04T14:26:00","date_gmt":"2018-09-04T12:26:00","guid":{"rendered":"http:\/\/piramidops.com\/?page_id=20"},"modified":"2026-01-12T12:31:29","modified_gmt":"2026-01-12T11:31:29","slug":"angebote","status":"publish","type":"page","link":"https:\/\/piramidops.com\/?page_id=20","title":{"rendered":"Beratung"},"content":{"rendered":"\n<h2 class=\"wp-block-heading has-nv-c-2-background-color has-background\"><strong>Niederschwellige Beratung<\/strong> <strong>f\u00fcr Frauen<\/strong><\/h2>\n\n\n\n<p><br>Die Beratung richtet sich in erster Linie an zugewanderte und gefl\u00fcchtete, jugendliche und erwachsene Frauen mit unterschiedlichen Aus-und Weiterbildungs-und beruflichen Zukunftsw\u00fcnschen. In der Beratung orientiert sich das Team an den Erfahrungen, Bed\u00fcrfnissen und Anliegen der Klientinnen.<\/p>\n\n\n\n<h2 class=\"wp-block-heading\" id=\"beratungszeiten\"><br>Beratungszeiten<\/h2>\n\n\n\n<p class=\"has-nv-c-2-background-color has-background\"><strong>Sozialberatung<\/strong> und Bildungsberatung<\/p>\n\n\n\n<p class=\"has-text-align-left\">Montag 09:00 &#8211; 13:00 (Deutsch, Englisch, T\u00fcrkisch) \/ <strong>Volkertplatz Nr. 1<\/strong><\/p>\n\n\n\n<p>Dienstag 09:00 &#8211; 12:00 (Deutsch, Englisch, Albanisch) \/ <strong>Volkertplatz Nr. 1<\/strong><\/p>\n\n\n\n<p>Mittwoch 09:00 &#8211; 12:00 ( Deutsch, Englisch) \/ <strong>offene Beratung <\/strong>, <strong>Volkertplatz Nr.12<\/strong><\/p>\n\n\n\n<p><br><\/p>\n\n\n\n<p class=\"has-luminous-vivid-amber-to-luminous-vivid-orange-gradient-background has-background\"><strong>Bildungsberatung<\/strong><\/p>\n\n\n\n<p>Donnerstag 09:00 &#8211; 13:00 (Deutsch, Englisch, Albanisch) \/ <strong>Volkertplatz Nr. 1<\/strong><\/p>\n\n\n\n<p>Der Verein ist ein akkreditierter Anbieter von Basisbildungsma\u00dfnahmen im Rahmen von <a href=\"https:\/\/www.levelup-erwachsenenbildung.at\/start\">LEVELUP<\/a><\/p>\n\n\n\n<p><\/p>\n","protected":false},"excerpt":{"rendered":"<p>Niederschwellige Beratung f\u00fcr Frauen Die Beratung richtet sich in erster Linie an zugewanderte und gefl\u00fcchtete, jugendliche und erwachsene Frauen mit unterschiedlichen Aus-und Weiterbildungs-und beruflichen Zukunftsw\u00fcnschen. In der Beratung orientiert sich das Team an den Erfahrungen, Bed\u00fcrfnissen und Anliegen der Klientinnen. Beratungszeiten Sozialberatung und Bildungsberatung Montag 09:00 &#8211; 13:00 (Deutsch, Englisch, T\u00fcrkisch) \/ Volkertplatz Nr. 1&hellip;&nbsp;<a href=\"https:\/\/piramidops.com\/?page_id=20\" rel=\"bookmark\">Weiterlesen &raquo;<span class=\"screen-reader-text\">Beratung<\/span><\/a><\/p>\n","protected":false},"author":2,"featured_media":0,"parent":0,"menu_order":0,"comment_status":"closed","ping_status":"closed","template":"","meta":{"neve_meta_sidebar":"","neve_meta_container":"","neve_meta_enable_content_width":"","neve_meta_content_width":0,"neve_meta_title_alignment":"","neve_meta_author_avatar":"","neve_post_elements_order":"","neve_meta_disable_header":"","neve_meta_disable_footer":"","neve_meta_disable_title":"","footnotes":""},"class_list":["post-20","page","type-page","status-publish","hentry"],"jetpack_sharing_enabled":true,"_links":{"self":[{"href":"https:\/\/piramidops.com\/index.php?rest_route=\/wp\/v2\/pages\/20","targetHints":{"allow":["GET"]}}],"collection":[{"href":"https:\/\/piramidops.com\/index.php?rest_route=\/wp\/v2\/pages"}],"about":[{"href":"https:\/\/piramidops.com\/index.php?rest_route=\/wp\/v2\/types\/page"}],"author":[{"embeddable":true,"href":"https:\/\/piramidops.com\/index.php?rest_route=\/wp\/v2\/users\/2"}],"replies":[{"embeddable":true,"href":"https:\/\/piramidops.com\/index.php?rest_route=%2Fwp%2Fv2%2Fcomments&post=20"}],"version-history":[{"count":13,"href":"https:\/\/piramidops.com\/index.php?rest_route=\/wp\/v2\/pages\/20\/revisions"}],"predecessor-version":[{"id":5103,"href":"https:\/\/piramidops.com\/index.php?rest_route=\/wp\/v2\/pages\/20\/revisions\/5103"}],"wp:attachment":[{"href":"https:\/\/piramidops.com\/index.php?rest_route=%2Fwp%2Fv2%2Fmedia&parent=20"}],"curies":[{"name":"wp","href":"https:\/\/api.w.org\/{rel}","templated":true}]}}