{"id":254,"date":"2019-02-12T11:40:12","date_gmt":"2019-02-12T09:40:12","guid":{"rendered":"http:\/\/piramidops.com\/?page_id=254"},"modified":"2026-04-01T10:27:20","modified_gmt":"2026-04-01T08:27:20","slug":"aktuelles","status":"publish","type":"page","link":"https:\/\/piramidops.com\/","title":{"rendered":"AKTUELLES"},"content":{"rendered":"\n<figure class=\"wp-block-image size-full\"><img loading=\"lazy\" decoding=\"async\" width=\"397\" height=\"627\" src=\"https:\/\/piramidops.com\/wp-content\/uploads\/2026\/04\/Bewegungstrainerin-Ausschreibung_Frauentreff.png\" alt=\"\" class=\"wp-image-5269\" srcset=\"https:\/\/piramidops.com\/wp-content\/uploads\/2026\/04\/Bewegungstrainerin-Ausschreibung_Frauentreff.png 397w, https:\/\/piramidops.com\/wp-content\/uploads\/2026\/04\/Bewegungstrainerin-Ausschreibung_Frauentreff-190x300.png 190w\" sizes=\"auto, (max-width: 397px) 100vw, 397px\" \/><\/figure>\n\n\n\n<p><\/p>\n\n\n\n<p><\/p>\n\n\n\n<div class=\"wp-block-cover is-light\"><img loading=\"lazy\" decoding=\"async\" width=\"1024\" height=\"768\" class=\"wp-block-cover__image-background wp-image-5200 size-large\" alt=\"\" src=\"https:\/\/piramidops.com\/wp-content\/uploads\/2026\/03\/Care_Arbeit_-2-1024x768.jpg\" data-object-fit=\"cover\" srcset=\"https:\/\/piramidops.com\/wp-content\/uploads\/2026\/03\/Care_Arbeit_-2-1024x768.jpg 1024w, https:\/\/piramidops.com\/wp-content\/uploads\/2026\/03\/Care_Arbeit_-2-300x225.jpg 300w, https:\/\/piramidops.com\/wp-content\/uploads\/2026\/03\/Care_Arbeit_-2-768x576.jpg 768w, https:\/\/piramidops.com\/wp-content\/uploads\/2026\/03\/Care_Arbeit_-2-1536x1152.jpg 1536w, https:\/\/piramidops.com\/wp-content\/uploads\/2026\/03\/Care_Arbeit_-2-2048x1536.jpg 2048w\" sizes=\"auto, (max-width: 1024px) 100vw, 1024px\" \/><span aria-hidden=\"true\" class=\"wp-block-cover__background has-background-dim\" style=\"background-color:#a18669\"><\/span><div class=\"wp-block-cover__inner-container is-layout-constrained wp-block-cover-is-layout-constrained\">\n<p class=\"has-text-align-center has-large-font-size\">Oft wird Care-Arbeit nicht gesehen.<br>Oft wird sie nicht bezahlt.<br>Und sehr oft wird sie von Frauen geleistet.<\/p>\n<\/div><\/div>\n\n\n\n<h2 class=\"wp-block-heading has-text-align-center has-nv-c-2-background-color has-background\">Schwerpunktwoche zum 8. M\u00e4rz: Care-Arbeit sichtbar machen<\/h2>\n\n\n\n<p class=\"has-text-align-center\"><br><br>Care-Arbeit bedeutet: sich k\u00fcmmern, begleiten, organisieren, unterst\u00fctzen.<br>Diese Arbeit passiert jeden Tag \u2013 in Familien, im Alltag, im Gr\u00e4tzl.<br><br>Oft wird Care-Arbeit nicht gesehen.<br>Oft wird sie nicht bezahlt.<br>Und sehr oft wird sie von Frauen geleistet.<br><br>Als Frauenberatungsstelle erleben wir t\u00e4glich, wie viel Verantwortung Frauen tragen \u2013 f\u00fcr Kinder, \u00e4ltere Angeh\u00f6rige, Partner*innen und die Organisation des gesamten Alltags. Gleichzeitig lernen viele unserer Teilnehmerinnen Deutsch, besuchen Kurse, entwickeln digitale Kompetenzen oder kl\u00e4ren wichtige Fragen zu Arbeit und Beh\u00f6rden.<br><br>In unserer Schwerpunktwoche zur Care-Arbeit setzen wir dieses Thema bewusst in den Mittelpunkt:<br><br>In unseren Deutsch- und Alphabetisierungskursen sprechen wir \u00fcber Care-Arbeit und ihre Bedeutung.<br><br>In der Beratung sensibilisieren wir f\u00fcr Belastungen, Rechte und Unterst\u00fctzungsm\u00f6glichkeiten.<br><br>Wir schaffen Raum f\u00fcr Austausch \u00fcber Rollenbilder, Verantwortung und faire Verteilung von Sorgearbeit.<br><br>Auslagen-Aktion: Care-Arbeit sichtbar machen<br><br>Begleitend gestalten wir unsere Auslage als Zeichen nach au\u00dfen.<br>Wir sammeln Gegenst\u00e4nde, die Care-Arbeit symbolisieren \u2013 zum Beispiel Kochl\u00f6ffel, Schulhefte, Terminkalender, Pflegeprodukte, Handys oder Putzutensilien.<br><br>Diese Dinge stehen f\u00fcr Aufgaben, die oft selbstverst\u00e4ndlich erscheinen \u2013 aber viel Zeit, Energie und Verantwortung bedeuten.<br><br>Mit dieser Aktion m\u00f6chten wir zeigen:<br>Care-Arbeit ist Arbeit.<br>Care-Arbeit hat Wert.<br>Care-Arbeit verdient Sichtbarkeit.<br><br>Wir laden alle ein, vorbeizukommen, mitzudenken und ins Gespr\u00e4ch zu kommen.<br><br>F\u00fcr mehr Anerkennung.<br>F\u00fcr mehr Gerechtigkeit.<br><\/p>\n\n\n\n<div class=\"wp-block-cover is-light\"><img loading=\"lazy\" decoding=\"async\" width=\"1024\" height=\"768\" class=\"wp-block-cover__image-background wp-image-5199 size-large\" alt=\"\" src=\"https:\/\/piramidops.com\/wp-content\/uploads\/2026\/03\/Care_Arbeit_-1-1024x768.jpg\" data-object-fit=\"cover\" srcset=\"https:\/\/piramidops.com\/wp-content\/uploads\/2026\/03\/Care_Arbeit_-1-1024x768.jpg 1024w, https:\/\/piramidops.com\/wp-content\/uploads\/2026\/03\/Care_Arbeit_-1-300x225.jpg 300w, https:\/\/piramidops.com\/wp-content\/uploads\/2026\/03\/Care_Arbeit_-1-768x576.jpg 768w, https:\/\/piramidops.com\/wp-content\/uploads\/2026\/03\/Care_Arbeit_-1-1536x1152.jpg 1536w, https:\/\/piramidops.com\/wp-content\/uploads\/2026\/03\/Care_Arbeit_-1-2048x1536.jpg 2048w\" sizes=\"auto, (max-width: 1024px) 100vw, 1024px\" \/><span aria-hidden=\"true\" class=\"wp-block-cover__background has-background-dim\" style=\"background-color:#a18669\"><\/span><div class=\"wp-block-cover__inner-container is-layout-constrained wp-block-cover-is-layout-constrained\">\n<p class=\"has-text-align-center has-large-font-size\">Oft wird Care-Arbeit nicht gesehen.<br>Oft wird sie nicht bezahlt.<br>Und sehr oft wird sie von Frauen geleistet.<\/p>\n<\/div><\/div>\n\n\n\n<p><\/p>\n\n\n\n<p><\/p>\n\n\n\n<h2 class=\"wp-block-heading has-nv-c-2-background-color has-background\">\ud83c\udf38 <strong>\u00d6ffnungszeiten ab J\u00e4nner 2026<\/strong> \ud83c\udf38<\/h2>\n\n\n\n<figure class=\"wp-block-image size-large\"><img loading=\"lazy\" decoding=\"async\" width=\"724\" height=\"1024\" src=\"https:\/\/piramidops.com\/wp-content\/uploads\/2026\/01\/Aushang-Oeffnungszeiten-Jaenner-2026-724x1024.png\" alt=\"\" class=\"wp-image-5097\" srcset=\"https:\/\/piramidops.com\/wp-content\/uploads\/2026\/01\/Aushang-Oeffnungszeiten-Jaenner-2026-724x1024.png 724w, https:\/\/piramidops.com\/wp-content\/uploads\/2026\/01\/Aushang-Oeffnungszeiten-Jaenner-2026-212x300.png 212w, https:\/\/piramidops.com\/wp-content\/uploads\/2026\/01\/Aushang-Oeffnungszeiten-Jaenner-2026-768x1086.png 768w, https:\/\/piramidops.com\/wp-content\/uploads\/2026\/01\/Aushang-Oeffnungszeiten-Jaenner-2026-1086x1536.png 1086w, https:\/\/piramidops.com\/wp-content\/uploads\/2026\/01\/Aushang-Oeffnungszeiten-Jaenner-2026-1448x2048.png 1448w, https:\/\/piramidops.com\/wp-content\/uploads\/2026\/01\/Aushang-Oeffnungszeiten-Jaenner-2026.png 1653w\" sizes=\"auto, (max-width: 724px) 100vw, 724px\" \/><\/figure>\n\n\n\n<p><br><\/p>\n\n\n\n<h2 class=\"wp-block-heading has-text-align-center has-nv-c-2-background-color has-background\"><strong>Verein Piramidops ist WienCert-zertifiziert<\/strong><\/h2>\n\n\n\n\n\n<p><\/p>\n\n\n\n<p>Wir freuen uns sehr: Der Verein Piramidops ist nun offiziell <strong>WienCert-zertifiziert<\/strong>.<br>Die Zertifizierung best\u00e4tigt unsere hohe Qualit\u00e4t in der Bildungsarbeit, Beratung und Organisation. Sie ist ein wichtiger Schritt zur weiteren Professionalisierung und Qualit\u00e4tssicherung unserer Angebote.<br><strong>Team vom Verein Piramidops<\/strong><\/p>\n\n\n\n<figure class=\"wp-block-image size-full\"><img loading=\"lazy\" decoding=\"async\" width=\"721\" height=\"875\" src=\"https:\/\/piramidops.com\/wp-content\/uploads\/2026\/01\/wien_cert_logo.jpg\" alt=\"\" class=\"wp-image-5108\" srcset=\"https:\/\/piramidops.com\/wp-content\/uploads\/2026\/01\/wien_cert_logo.jpg 721w, https:\/\/piramidops.com\/wp-content\/uploads\/2026\/01\/wien_cert_logo-247x300.jpg 247w\" sizes=\"auto, (max-width: 721px) 100vw, 721px\" \/><\/figure>\n\n\n\n<figure class=\"wp-block-image size-large\"><img loading=\"lazy\" decoding=\"async\" width=\"1024\" height=\"768\" src=\"https:\/\/piramidops.com\/wp-content\/uploads\/2025\/07\/coole-Zone-Frauentreff_2025--1024x768.jpg\" alt=\"\" class=\"wp-image-4475\" srcset=\"https:\/\/piramidops.com\/wp-content\/uploads\/2025\/07\/coole-Zone-Frauentreff_2025--1024x768.jpg 1024w, https:\/\/piramidops.com\/wp-content\/uploads\/2025\/07\/coole-Zone-Frauentreff_2025--300x225.jpg 300w, https:\/\/piramidops.com\/wp-content\/uploads\/2025\/07\/coole-Zone-Frauentreff_2025--768x576.jpg 768w, https:\/\/piramidops.com\/wp-content\/uploads\/2025\/07\/coole-Zone-Frauentreff_2025--1536x1152.jpg 1536w, https:\/\/piramidops.com\/wp-content\/uploads\/2025\/07\/coole-Zone-Frauentreff_2025--2048x1536.jpg 2048w\" sizes=\"auto, (max-width: 1024px) 100vw, 1024px\" \/><\/figure>\n\n\n\n<p><br><\/p>\n\n\n\n<p><\/p>\n\n\n\n<h2 class=\"wp-block-heading has-text-align-center has-nv-c-2-background-color has-background\" id=\"ehrenamtliche-gesucht\">Ehrenamtliche gesucht<\/h2>\n\n\n\n<p class=\"has-text-align-center\">Wir suchen ehrenamtliche Unterst\u00fctzerinnen \ud83d\udc9b<\/p>\n\n\n\n<p>Der Verein Piramidops sucht <strong>ehrenamtliche Unterst\u00fctzerinnen<\/strong>, die Frauen beim Deutschlernen begleiten und beim Aufbau von sozialen Kontakten unterst\u00fctzen m\u00f6chten.<\/p>\n\n\n\n<p>Das Engagement ist <strong>flexibel<\/strong> gestaltet:<\/p>\n\n\n\n<ul class=\"wp-block-list\">\n<li>Zeitraum: <strong>3\u20136 Wochen<\/strong> (oder l\u00e4nger, nach Vereinbarung)<\/li>\n\n\n\n<li>Zeitaufwand: zb. <strong>1-mal pro Woche<\/strong><\/li>\n\n\n\n<li>Einsatzm\u00f6glichkeiten: <strong>Sprachtandem<\/strong>, Konversationsrunden oder andere Aktivit\u00e4ten \u2013 je nachdem, was Sie gerne einbringen m\u00f6chten<\/li>\n<\/ul>\n\n\n\n<p>Unsere Teilnehmerinnen sind Frauen, die <strong>Deutsch lernen<\/strong>, ihre <strong>Sprachpraxis verbessern<\/strong> und ihr <strong>soziales Netzwerk erweitern<\/strong> m\u00f6chten. Ehrenamtliche Begegnungen auf Augenh\u00f6he sind dabei eine wertvolle Erg\u00e4nzung zu unseren Kursangeboten.<\/p>\n\n\n\n<p>Sie m\u00fcssen keine p\u00e4dagogische Ausbildung mitbringen \u2013 wichtig sind <strong>Offenheit, Zuverl\u00e4ssigkeit und Freude am Austausch<\/strong>. Eigene Ideen, Erfahrungen und Talente sind herzlich willkommen.<\/p>\n\n\n\n<p class=\"has-text-align-center\">Komm einfach im Lerncaf\u00e9 vorbei oder melde dich unter&nbsp;<strong>office@piramidops.at<\/strong><br><\/p>\n\n\n<div class=\"wp-block-image\">\n<figure class=\"aligncenter size-medium is-resized\"><img loading=\"lazy\" decoding=\"async\" width=\"300\" height=\"200\" src=\"https:\/\/piramidops.com\/wp-content\/uploads\/2024\/01\/IMG_2680-300x200.jpg\" alt=\"\" class=\"wp-image-2902\" style=\"object-fit:cover;width:708px;height:auto\" srcset=\"https:\/\/piramidops.com\/wp-content\/uploads\/2024\/01\/IMG_2680-300x200.jpg 300w, https:\/\/piramidops.com\/wp-content\/uploads\/2024\/01\/IMG_2680-1024x683.jpg 1024w, https:\/\/piramidops.com\/wp-content\/uploads\/2024\/01\/IMG_2680-768x512.jpg 768w, https:\/\/piramidops.com\/wp-content\/uploads\/2024\/01\/IMG_2680-1536x1024.jpg 1536w, https:\/\/piramidops.com\/wp-content\/uploads\/2024\/01\/IMG_2680-2048x1365.jpg 2048w, https:\/\/piramidops.com\/wp-content\/uploads\/2024\/01\/IMG_2680-930x620.jpg 930w\" sizes=\"auto, (max-width: 300px) 100vw, 300px\" \/><\/figure>\n<\/div>\n\n\n<p><\/p>\n\n\n<h2 class=\"wp-block-heading has-nv-c-2-background-color has-background\" id=\"unsere-kurs-und-beratungsraume\">Unsere Kurs &#8211; und Beratungsr\u00e4ume<\/h2>\n\n\n<div class=\"wp-block-jetpack-slideshow aligncenter\" data-effect=\"slide\"><div class=\"wp-block-jetpack-slideshow_container swiper\"><ul class=\"wp-block-jetpack-slideshow_swiper-wrapper swiper-wrapper\"><li class=\"wp-block-jetpack-slideshow_slide swiper-slide\"><figure><img loading=\"lazy\" decoding=\"async\" width=\"900\" height=\"600\" alt=\"\" class=\"wp-block-jetpack-slideshow_image wp-image-327\" data-id=\"327\" src=\"https:\/\/piramidops.com\/wp-content\/uploads\/2019\/05\/bernadettereiter-web-3368-1-2.jpg\" srcset=\"https:\/\/piramidops.com\/wp-content\/uploads\/2019\/05\/bernadettereiter-web-3368-1-2.jpg 900w, https:\/\/piramidops.com\/wp-content\/uploads\/2019\/05\/bernadettereiter-web-3368-1-2-600x400.jpg 600w, https:\/\/piramidops.com\/wp-content\/uploads\/2019\/05\/bernadettereiter-web-3368-1-2-300x200.jpg 300w, https:\/\/piramidops.com\/wp-content\/uploads\/2019\/05\/bernadettereiter-web-3368-1-2-768x512.jpg 768w\" sizes=\"(max-width: 900px) 100vw, 900px\" \/><\/figure><\/li><li class=\"wp-block-jetpack-slideshow_slide swiper-slide\"><figure><img loading=\"lazy\" decoding=\"async\" width=\"900\" height=\"600\" alt=\"\" class=\"wp-block-jetpack-slideshow_image wp-image-326\" data-id=\"326\" src=\"https:\/\/piramidops.com\/wp-content\/uploads\/2019\/05\/bernadettereiter-web-3349-1-2.jpg\" srcset=\"https:\/\/piramidops.com\/wp-content\/uploads\/2019\/05\/bernadettereiter-web-3349-1-2.jpg 900w, https:\/\/piramidops.com\/wp-content\/uploads\/2019\/05\/bernadettereiter-web-3349-1-2-600x400.jpg 600w, https:\/\/piramidops.com\/wp-content\/uploads\/2019\/05\/bernadettereiter-web-3349-1-2-300x200.jpg 300w, https:\/\/piramidops.com\/wp-content\/uploads\/2019\/05\/bernadettereiter-web-3349-1-2-768x512.jpg 768w\" sizes=\"(max-width: 900px) 100vw, 900px\" \/><\/figure><\/li><li class=\"wp-block-jetpack-slideshow_slide swiper-slide\"><figure><img loading=\"lazy\" decoding=\"async\" width=\"900\" height=\"600\" alt=\"\" class=\"wp-block-jetpack-slideshow_image wp-image-325\" data-id=\"325\" src=\"https:\/\/piramidops.com\/wp-content\/uploads\/2019\/05\/bernadettereiter-web-3304-1-2.jpg\" srcset=\"https:\/\/piramidops.com\/wp-content\/uploads\/2019\/05\/bernadettereiter-web-3304-1-2.jpg 900w, https:\/\/piramidops.com\/wp-content\/uploads\/2019\/05\/bernadettereiter-web-3304-1-2-600x400.jpg 600w, https:\/\/piramidops.com\/wp-content\/uploads\/2019\/05\/bernadettereiter-web-3304-1-2-300x200.jpg 300w, https:\/\/piramidops.com\/wp-content\/uploads\/2019\/05\/bernadettereiter-web-3304-1-2-768x512.jpg 768w\" sizes=\"(max-width: 900px) 100vw, 900px\" \/><\/figure><\/li><li class=\"wp-block-jetpack-slideshow_slide swiper-slide\"><figure><img loading=\"lazy\" decoding=\"async\" width=\"900\" height=\"600\" alt=\"\" class=\"wp-block-jetpack-slideshow_image wp-image-324\" data-id=\"324\" src=\"https:\/\/piramidops.com\/wp-content\/uploads\/2019\/05\/bernadettereiter-web-3302-1-2.jpg\" srcset=\"https:\/\/piramidops.com\/wp-content\/uploads\/2019\/05\/bernadettereiter-web-3302-1-2.jpg 900w, https:\/\/piramidops.com\/wp-content\/uploads\/2019\/05\/bernadettereiter-web-3302-1-2-600x400.jpg 600w, https:\/\/piramidops.com\/wp-content\/uploads\/2019\/05\/bernadettereiter-web-3302-1-2-300x200.jpg 300w, https:\/\/piramidops.com\/wp-content\/uploads\/2019\/05\/bernadettereiter-web-3302-1-2-768x512.jpg 768w\" sizes=\"(max-width: 900px) 100vw, 900px\" \/><\/figure><\/li><li class=\"wp-block-jetpack-slideshow_slide swiper-slide\"><figure><img loading=\"lazy\" decoding=\"async\" width=\"900\" height=\"600\" alt=\"\" class=\"wp-block-jetpack-slideshow_image wp-image-329\" data-id=\"329\" src=\"https:\/\/piramidops.com\/wp-content\/uploads\/2019\/05\/bernadettereiter-web-3420-1-2.jpg\" srcset=\"https:\/\/piramidops.com\/wp-content\/uploads\/2019\/05\/bernadettereiter-web-3420-1-2.jpg 900w, https:\/\/piramidops.com\/wp-content\/uploads\/2019\/05\/bernadettereiter-web-3420-1-2-600x400.jpg 600w, https:\/\/piramidops.com\/wp-content\/uploads\/2019\/05\/bernadettereiter-web-3420-1-2-300x200.jpg 300w, https:\/\/piramidops.com\/wp-content\/uploads\/2019\/05\/bernadettereiter-web-3420-1-2-768x512.jpg 768w\" sizes=\"(max-width: 900px) 100vw, 900px\" \/><\/figure><\/li><li class=\"wp-block-jetpack-slideshow_slide swiper-slide\"><figure><img loading=\"lazy\" decoding=\"async\" width=\"900\" height=\"600\" alt=\"\" class=\"wp-block-jetpack-slideshow_image wp-image-328\" data-id=\"328\" src=\"https:\/\/piramidops.com\/wp-content\/uploads\/2019\/05\/bernadettereiter-web-3397-1-2.jpg\" srcset=\"https:\/\/piramidops.com\/wp-content\/uploads\/2019\/05\/bernadettereiter-web-3397-1-2.jpg 900w, https:\/\/piramidops.com\/wp-content\/uploads\/2019\/05\/bernadettereiter-web-3397-1-2-600x400.jpg 600w, https:\/\/piramidops.com\/wp-content\/uploads\/2019\/05\/bernadettereiter-web-3397-1-2-300x200.jpg 300w, https:\/\/piramidops.com\/wp-content\/uploads\/2019\/05\/bernadettereiter-web-3397-1-2-768x512.jpg 768w\" sizes=\"(max-width: 900px) 100vw, 900px\" \/><\/figure><\/li><li class=\"wp-block-jetpack-slideshow_slide swiper-slide\"><figure><img loading=\"lazy\" decoding=\"async\" width=\"900\" height=\"600\" alt=\"\" class=\"wp-block-jetpack-slideshow_image wp-image-322\" data-id=\"322\" src=\"https:\/\/piramidops.com\/wp-content\/uploads\/2019\/05\/bernadettereiter-web-3292-1-2.jpg\" srcset=\"https:\/\/piramidops.com\/wp-content\/uploads\/2019\/05\/bernadettereiter-web-3292-1-2.jpg 900w, https:\/\/piramidops.com\/wp-content\/uploads\/2019\/05\/bernadettereiter-web-3292-1-2-600x400.jpg 600w, https:\/\/piramidops.com\/wp-content\/uploads\/2019\/05\/bernadettereiter-web-3292-1-2-300x200.jpg 300w, https:\/\/piramidops.com\/wp-content\/uploads\/2019\/05\/bernadettereiter-web-3292-1-2-768x512.jpg 768w\" sizes=\"(max-width: 900px) 100vw, 900px\" \/><\/figure><\/li><li class=\"wp-block-jetpack-slideshow_slide swiper-slide\"><figure><img loading=\"lazy\" decoding=\"async\" width=\"900\" height=\"600\" alt=\"\" class=\"wp-block-jetpack-slideshow_image wp-image-323\" data-id=\"323\" src=\"https:\/\/piramidops.com\/wp-content\/uploads\/2019\/05\/bernadettereiter-web-3295-1-2.jpg\" srcset=\"https:\/\/piramidops.com\/wp-content\/uploads\/2019\/05\/bernadettereiter-web-3295-1-2.jpg 900w, https:\/\/piramidops.com\/wp-content\/uploads\/2019\/05\/bernadettereiter-web-3295-1-2-600x400.jpg 600w, https:\/\/piramidops.com\/wp-content\/uploads\/2019\/05\/bernadettereiter-web-3295-1-2-300x200.jpg 300w, https:\/\/piramidops.com\/wp-content\/uploads\/2019\/05\/bernadettereiter-web-3295-1-2-768x512.jpg 768w\" sizes=\"(max-width: 900px) 100vw, 900px\" \/><\/figure><\/li><li class=\"wp-block-jetpack-slideshow_slide swiper-slide\"><figure><img decoding=\"async\" alt=\"\" class=\"wp-block-jetpack-slideshow_image wp-image-69\" data-id=\"69\" src=\"https:\/\/piramidops.com\/wp-content\/uploads\/2018\/11\/2014-09-04-12-09-49-2.jpg\"\/><\/figure><\/li><li class=\"wp-block-jetpack-slideshow_slide swiper-slide\"><figure><img decoding=\"async\" alt=\"\" class=\"wp-block-jetpack-slideshow_image wp-image-68\" data-id=\"68\" src=\"https:\/\/piramidops.com\/wp-content\/uploads\/2018\/11\/2014-09-04-12-06-05-2.jpg\"\/><\/figure><\/li><li class=\"wp-block-jetpack-slideshow_slide swiper-slide\"><figure><img decoding=\"async\" alt=\"\" class=\"wp-block-jetpack-slideshow_image wp-image-67\" data-id=\"67\" src=\"https:\/\/piramidops.com\/wp-content\/uploads\/2018\/11\/2014-09-04-11-45-29-2.jpg\"\/><figcaption class=\"wp-block-jetpack-slideshow_caption gallery-caption\">Gemeinschaftsgarten Samba<\/figcaption><\/figure><\/li><li class=\"wp-block-jetpack-slideshow_slide swiper-slide\"><figure><img loading=\"lazy\" decoding=\"async\" width=\"1920\" height=\"2560\" alt=\"\" class=\"wp-block-jetpack-slideshow_image wp-image-63\" data-id=\"63\" src=\"https:\/\/piramidops.com\/wp-content\/uploads\/2018\/11\/2013-04-19-08-24-20-2.jpg\" srcset=\"https:\/\/piramidops.com\/wp-content\/uploads\/2018\/11\/2013-04-19-08-24-20-2.jpg 1920w, https:\/\/piramidops.com\/wp-content\/uploads\/2018\/11\/2013-04-19-08-24-20-2-600x800.jpg 600w, https:\/\/piramidops.com\/wp-content\/uploads\/2018\/11\/2013-04-19-08-24-20-2-225x300.jpg 225w, https:\/\/piramidops.com\/wp-content\/uploads\/2018\/11\/2013-04-19-08-24-20-2-768x1024.jpg 768w, https:\/\/piramidops.com\/wp-content\/uploads\/2018\/11\/2013-04-19-08-24-20-2-1152x1536.jpg 1152w, https:\/\/piramidops.com\/wp-content\/uploads\/2018\/11\/2013-04-19-08-24-20-2-1536x2048.jpg 1536w\" sizes=\"(max-width: 1920px) 100vw, 1920px\" \/><figcaption class=\"wp-block-jetpack-slideshow_caption gallery-caption\">Beratung im Lerncaf\u00e9 am Markt<\/figcaption><\/figure><\/li><li class=\"wp-block-jetpack-slideshow_slide swiper-slide\"><figure><img loading=\"lazy\" decoding=\"async\" width=\"1920\" height=\"2560\" alt=\"\" class=\"wp-block-jetpack-slideshow_image wp-image-62\" data-id=\"62\" src=\"https:\/\/piramidops.com\/wp-content\/uploads\/2018\/11\/2013-04-19-08-24-05-2.jpg\" srcset=\"https:\/\/piramidops.com\/wp-content\/uploads\/2018\/11\/2013-04-19-08-24-05-2.jpg 1920w, https:\/\/piramidops.com\/wp-content\/uploads\/2018\/11\/2013-04-19-08-24-05-2-600x800.jpg 600w, https:\/\/piramidops.com\/wp-content\/uploads\/2018\/11\/2013-04-19-08-24-05-2-225x300.jpg 225w, https:\/\/piramidops.com\/wp-content\/uploads\/2018\/11\/2013-04-19-08-24-05-2-768x1024.jpg 768w, https:\/\/piramidops.com\/wp-content\/uploads\/2018\/11\/2013-04-19-08-24-05-2-1152x1536.jpg 1152w, https:\/\/piramidops.com\/wp-content\/uploads\/2018\/11\/2013-04-19-08-24-05-2-1536x2048.jpg 1536w\" sizes=\"(max-width: 1920px) 100vw, 1920px\" \/><figcaption class=\"wp-block-jetpack-slideshow_caption gallery-caption\">Atelierrundgang am Volkertplatz<\/figcaption><\/figure><\/li><\/ul><a class=\"wp-block-jetpack-slideshow_button-prev swiper-button-prev swiper-button-white\" role=\"button\"><\/a><a class=\"wp-block-jetpack-slideshow_button-next swiper-button-next swiper-button-white\" role=\"button\"><\/a><a aria-label=\"Pause Slideshow\" class=\"wp-block-jetpack-slideshow_button-pause\" role=\"button\"><\/a><div class=\"wp-block-jetpack-slideshow_pagination swiper-pagination swiper-pagination-white\"><\/div><\/div><\/div>\n\n\n\n<p><\/p>\n\n\n\n<p><\/p>\n\n\n\n<p><\/p>\n\n\n\n<h2 class=\"wp-block-heading\"><\/h2>\n\n\n\n<p><\/p>\n","protected":false},"excerpt":{"rendered":"<p>Schwerpunktwoche zum 8. M\u00e4rz: Care-Arbeit sichtbar machen Care-Arbeit bedeutet: sich k\u00fcmmern, begleiten, organisieren, unterst\u00fctzen.Diese Arbeit passiert jeden Tag \u2013 in Familien, im Alltag, im Gr\u00e4tzl. Oft wird Care-Arbeit nicht gesehen.Oft wird sie nicht bezahlt.Und sehr oft wird sie von Frauen geleistet. Als Frauenberatungsstelle erleben wir t\u00e4glich, wie viel Verantwortung Frauen tragen \u2013 f\u00fcr Kinder, \u00e4ltere&hellip;&nbsp;<a href=\"https:\/\/piramidops.com\/\" rel=\"bookmark\">Weiterlesen &raquo;<span class=\"screen-reader-text\">AKTUELLES<\/span><\/a><\/p>\n","protected":false},"author":2,"featured_media":0,"parent":0,"menu_order":0,"comment_status":"closed","ping_status":"closed","template":"","meta":{"neve_meta_sidebar":"","neve_meta_container":"","neve_meta_enable_content_width":"","neve_meta_content_width":0,"neve_meta_title_alignment":"","neve_meta_author_avatar":"","neve_post_elements_order":"","neve_meta_disable_header":"","neve_meta_disable_footer":"","neve_meta_disable_title":"","footnotes":""},"class_list":["post-254","page","type-page","status-publish","hentry"],"jetpack_sharing_enabled":true,"_links":{"self":[{"href":"https:\/\/piramidops.com\/index.php?rest_route=\/wp\/v2\/pages\/254","targetHints":{"allow":["GET"]}}],"collection":[{"href":"https:\/\/piramidops.com\/index.php?rest_route=\/wp\/v2\/pages"}],"about":[{"href":"https:\/\/piramidops.com\/index.php?rest_route=\/wp\/v2\/types\/page"}],"author":[{"embeddable":true,"href":"https:\/\/piramidops.com\/index.php?rest_route=\/wp\/v2\/users\/2"}],"replies":[{"embeddable":true,"href":"https:\/\/piramidops.com\/index.php?rest_route=%2Fwp%2Fv2%2Fcomments&post=254"}],"version-history":[{"count":67,"href":"https:\/\/piramidops.com\/index.php?rest_route=\/wp\/v2\/pages\/254\/revisions"}],"predecessor-version":[{"id":5270,"href":"https:\/\/piramidops.com\/index.php?rest_route=\/wp\/v2\/pages\/254\/revisions\/5270"}],"wp:attachment":[{"href":"https:\/\/piramidops.com\/index.php?rest_route=%2Fwp%2Fv2%2Fmedia&parent=254"}],"curies":[{"name":"wp","href":"https:\/\/api.w.org\/{rel}","templated":true}]}}