{"id":2925,"date":"2024-01-31T12:39:12","date_gmt":"2024-01-31T11:39:12","guid":{"rendered":"https:\/\/piramidops.com\/?page_id=2925"},"modified":"2024-05-06T14:38:56","modified_gmt":"2024-05-06T12:38:56","slug":"datenschutzerklaerung","status":"publish","type":"page","link":"https:\/\/piramidops.com\/?page_id=2925","title":{"rendered":"Datenschutzerkl\u00e4rung"},"content":{"rendered":"\n<h2 class=\"wp-block-heading has-nv-c-2-background-color has-background\">Datenschutzerkl\u00e4rung Verein Piramidops<\/h2>\n\n\n\n<p>Verantwortliche:r: Piramidops, Verein f\u00fcr Frauen und Gemeinwesenarbeit, ZVR: 686845058 (im Folgenden Piramidops), Telefon: 01\/942 5 330. <br>Die Datenschutzbeauftragte von Piramidops ist unter den oben angef\u00fchrten Kontaktdaten erreichbar.<br><br>Da durch neue Technologien und die st\u00e4ndige Weiterentwicklung dieser Website \u00c4nderungen an der Datenschutzerkl\u00e4rung vorgenommen werden k\u00f6nnen, empfehlen wir, die Datenschutzerkl\u00e4rung in regelm\u00e4\u00dfigen Abst\u00e4nden erneut durchzulesen. Definitionen der verwendeten Begriffe (z.B. \u201cpersonenbezogene Daten\u201d oder \u201cVerarbeitung\u201d) finden Sie in Art. 4 DSGVO.<\/p>\n\n\n\n<h2 class=\"wp-block-heading has-nv-c-2-background-color has-background\">Unsere Webseite<\/h2>\n\n\n\n<h2 class=\"wp-block-heading\">Zugriffsdaten<\/h2>\n\n\n\n<p>Wir, der Websitebetreiber bzw. Seitenprovider, erheben auf Grundlage unseres berechtigten Interesses (vgl. Art. 6 Abs. 1 lit. f. DSGVO) Daten \u00fcber Zugriffe auf die Website und speichern diese als \u201eServer-Logfiles\u201c auf dem Server der Website. Im Einzelnen werden folgende Daten gespeichert<br><br>&#8211; Besuchte Website<br>&#8211; Uhrzeit des Zugriffs<br>&#8211; \u00fcbertragene Datenmenge in Byte<br>&#8211; Quelle\/Verweis, von der Sie auf die Seite gekommen sind<br>&#8211; Verwendeter Browser<br>&#8211; Verwendetes Betriebssystem<br>&#8211; verwendete IP-Adresse<br><br>Die Server-Logfiles werden maximal 7 Tage gespeichert und danach gel\u00f6scht. Die Speicherung der Daten erfolgt aus Sicherheitsgr\u00fcnden, um z.B. Missbrauchsf\u00e4lle aufkl\u00e4ren zu k\u00f6nnen. M\u00fcssen Daten aus Beweisgr\u00fcnden aufbewahrt werden, sind sie bis zur endg\u00fcltigen Kl\u00e4rung des Vorfalls von der L\u00f6schung ausgenommen.<\/p>\n\n\n\n<h2 class=\"wp-block-heading\">Reichweitenmessung &amp; Cookies<\/h2>\n\n\n\n<p>Diese Website verwendet zur pseudonymen Reichweitenmessung Cookies, die entweder von unserem Server oder von Servern Dritter an den Browser des Nutzer:innen &nbsp;\u00fcbermittelt werden. Cookies sind kleine Dateien, die auf Ihrem Endger\u00e4t gespeichert werden. Auf diese Dateien greift Ihr Browser zu. Der Einsatz von Cookies erh\u00f6ht die Benutzer:innenfreundlichkeit und Sicherheit dieser Website.<br>Wenn Sie nicht m\u00f6chten, dass Cookies zur Reichweitenmessung auf Ihrem Endger\u00e4t gespeichert werden, k\u00f6nnen Sie hier der Verwendung dieser Dateien widersprechen:<br>&#8211; Cookie-Deaktivierungsseite der Initiative Werbenetzwerk: http:\/\/optout.networkadvertising.org\/?c=1#!\/<br>&#8211; Cookie-Deaktivierungsseite der US-Website: http:\/\/optout.aboutads.info\/?c=2#!\/<br>&#8211; Cookie-Deaktivierungsseite der europ\u00e4ischen Website: http:\/\/optout.networkadvertising.org\/?c=1#!\/<br><br>G\u00e4ngige Browser bieten die Einstellm\u00f6glichkeit, Cookies nicht zuzulassen. Hinweis: Es ist nicht gew\u00e4hrleistet, dass Sie bei entsprechender Einstellung auf alle Funktionen dieser Website uneingeschr\u00e4nkt zugreifen k\u00f6nnen.<\/p>\n\n\n\n<h2 class=\"wp-block-heading\">Erhebung und Verarbeitung pers\u00f6nlicher Daten<\/h2>\n\n\n\n<p>Der Websitebetreiber erhebt, nutzt und \u00fcbermittelt Ihre personenbezogenen Daten nur, soweit dies gesetzlich erlaubt ist oder Sie eingewilligt haben.<br>Personenbezogene Daten sind alle Informationen, die dazu genutzt werden k\u00f6nnen, Ihre Identit\u00e4t zu erfahren &#8211; also beispielsweise Ihr Name, Ihre E-Mail-Adresse oder Ihre Telefonnummer.<br>Sie k\u00f6nnen unsere Seite besuchen, ohne Angaben zu Ihrer Person zu machen.<\/p>\n\n\n\n<h2 class=\"wp-block-heading\">YouTube<\/h2>\n\n\n\n<p>Wir binden auf unseren Seiten Videos ein, die auf der Plattform YouTube abrufbar sind (embedded content). YouTube ist ein Dienst der YouTube LLC, einer Tochtergesellschaft der Google Inc. Es gelten die Datenschutzbestimmungen von Google. Eine Zuordnung von Informationen zu Ihrer Person ist jedoch m\u00f6glich, wenn Sie bei YouTube oder einem anderen Dienst von Google angemeldet sind. Wenn Sie dies nicht w\u00fcnschen, melden Sie sich bitte von Ihrem Google-Konto ab, bevor Sie ein eingebundenes Video zum Abspielen anklicken.<\/p>\n\n\n\n<h2 class=\"wp-block-heading\">Podigee Podcast-Hosting<\/h2>\n\n\n\n<p>Wir nutzen den Podcast-Hosting-Dienst Podigee des Anbieters Podigee GmbH, Schlesische Stra\u00dfe 20, 10997 Berlin, Deutschland. Die Podcasts werden dabei von Podigee geladen oder \u00fcber Podigee \u00fcbertragen. Die Nutzung erfolgt auf Grundlage unserer berechtigten Interessen, d.h. Interesse an einer sicheren und effizienten Bereitstellung, Analyse sowie Optimierung unseres Podcastangebotes gem. Art. 6 Abs. 1 lit. f. DSGVO. Podigee verarbeitet IP-Adressen und Ger\u00e4teinformationen, um Podcast-Downloads\/Wiedergaben zu erm\u00f6glichen und statistische Daten, wie z.B. Abrufzahlen zu ermitteln. Diese Daten werden vor der Speicherung in der Datenbank von Podigee anonymisiert oder pseudonymisiert, sofern Sie f\u00fcr die Bereitstellung der Podcasts nicht erforderlich sind. Weitere Informationen und Widerspruchsm\u00f6glichkeiten finden sich in der Datenschutzerkl\u00e4rung von Podigee:&nbsp; https:\/\/www.podigee.com\/de\/about\/privacy\/.<\/p>\n\n\n\n<h2 class=\"wp-block-heading has-nv-c-2-background-color has-background\">Unsere Online-Auftritte in sozialen Medien<\/h2>\n\n\n\n<p>Wir unterhalten Online-Pr\u00e4senzen in sozialen Netzwerken und Plattformen, um mit den dort aktiven Nutzer:innen zu kommunizieren und sie \u00fcber unsere Dienstleistungen zu informieren. Wir m\u00f6chten darauf hinweisen, dass Nutzer:innendaten au\u00dferhalb des Gebiets der Europ\u00e4ischen Union verarbeitet werden k\u00f6nnen. Daraus k\u00f6nnen sich Risiken f\u00fcr die Nutzer:innen ergeben, da z. B. die Durchsetzung der Nutzer:innenrechte schwieriger sein kann. Au\u00dferdem werden die Nutzer:innendaten in der Regel zu Marktforschungs- und Werbezwecken verarbeitet. Das bedeutet, dass aus dem Nutzer:innenverhalten und den daraus resultierenden Interessen der Nutzer:innen Profile erstellt werden k\u00f6nnen. Die Nutzer:innenprofile k\u00f6nnen wiederum genutzt werden, um z. B. innerhalb und au\u00dferhalb der Plattformen Werbung zu schalten, die den Interessen der Nutzer:innen entsprechen soll. F\u00fcr diese Zwecke werden in der Regel Cookies auf dem Computer der Nutzer:innen gespeichert, in denen das Nutzungsverhalten und die Interessen der Nutzer:innen festgehalten werden. Dar\u00fcber hinaus k\u00f6nnen Daten auch unabh\u00e4ngig von den von den Nutzer:innen verwendeten Ger\u00e4ten in den Nutzer:innenprofilen gespeichert werden (insbesondere, wenn die Nutzer:innen Mitglieder der jeweiligen Plattformen sind und sich dort einloggen). Die Verarbeitung der personenbezogenen Daten der Nutzer:innen beruht auf unseren berechtigten Interessen an einer effektiven Nutzer:inneninformation und Kommunikation mit den Nutzer:innen gem\u00e4\u00df Art. 6 Abs. 1 lit. f GDPR. GDPR. Soweit die Nutzer:innen von den jeweiligen Anbietern der Plattformen um ihre Zustimmung zu der oben beschriebenen Datenverarbeitung gebeten werden, ist die Rechtsgrundlage f\u00fcr die Verarbeitung Art. 6 Abs. 1 lit. a., Art. 7 GDPR.<\/p>\n\n\n\n<p>Eine detaillierte Beschreibung der jeweiligen Verarbeitung und der Opt-out-M\u00f6glichkeiten finden Sie in den nachfolgend verlinkten Informationen der Anbieter.<br><br><strong>Facebook<\/strong>: Soziales Netzwerk; Dienstanbieter: Facebook Ireland Ltd., 4 Grand Canal Square, Grand Canal Harbour, Dublin 2, Irland, Mutterunternehmen: Facebook, 1 Hacker Way, Menlo Park, CA 94025, USA;<br>Webseite: https:\/\/www.facebook.com;<br>Datenschutzerkl\u00e4rung: https:\/\/www.facebook.com\/about\/privacy;<br>Opt-Out: https:\/\/www.facebook.com\/settings?tab=ads und http:\/\/www.youronlinechoices.com;<br>Einstellungen f\u00fcr Werbeanzeigen: https:\/\/www.facebook.com\/settings?tab=ads;<br>Zus\u00e4tzliche Hinweise zum Datenschutz: Vereinbarung \u00fcber gemeinsame Verarbeitung personenbezogener Daten auf Facebook-Seiten: https:\/\/www.facebook.com\/legal\/terms\/page_controller_addendum,<br>Datenschutzhinweise f\u00fcr Facebook-Seiten: https:\/\/www.facebook.com\/legal\/terms\/information_about_page_insights_data.<\/p>\n\n\n\n<p><strong>YouTube<\/strong>: Videoportal; Dienstanbieter: Google Ireland Limited, Gordon House, Barrow Street, Dublin 4, Irland;<br>Webseite: https:\/\/www.youtube.com\/?gl=DE;<br>Datenschutzerkl\u00e4rung:&nbsp; https:\/\/policies.google.com\/privacy;<br>Opt-Out: https:\/\/adssettings.google.com\/authenticated.<\/p>\n\n\n\n<p><strong>Instagram<\/strong>: Soziales Netzwerk; Dienstanbieter: Instagram Inc., 1601 Willow Road, Menlo Park, CA, 94025, USA;<br>Website: https:\/\/www.instagram.com;<br>Datenschutzerkl\u00e4rung: https:\/\/instagram.com\/about\/legal\/privacy;<br>Opt-Out: https:\/\/help.instagram.com\/196883487377501\/?hel-.<\/p>\n\n\n\n<p><strong>WhatsApp<\/strong>: Instant-Messaging-Dienst; Dienstanbieter: WhatsApp Ireland Limited, 4 Grand Canal Square, Grand Canal Harbour, Dublin 2, Irland;<br>Website: https:\/\/www.whatsapp.com\/?lang=de;<br>Datenschutzerkl\u00e4rung: https:\/\/www.whatsapp.com\/privacy;<br>Opt-out: https:\/\/www.whatsapp.com\/legal\/#key-updates.<\/p>\n\n\n\n<h2 class=\"wp-block-heading has-nv-c-2-background-color has-background\">Ihre Kontaktaufnahme<\/h2>\n\n\n\n<p>Wenn Sie per Formular auf der Website, per E-Mail oder per Telefon Kontakt mit uns aufnehmen, werden Ihre angegebenen Daten zwecks Bearbeitung der Anfrage und f\u00fcr den Fall von Anschlussfragen sechs Monate bei uns gespeichert. Die von Ihnen bekannt gegebenen personenbezogen Daten werden von uns ausschlie\u00dflich zum Zweck der Bearbeitung und Beantwortung Ihrer Anfrage verwendet. Dabei st\u00fctzen wir uns auf unsere berechtigten Interessen (Artikel 6 Absatz 1 lit. f DSGVO), da wir Ihre Anfrage andernfalls nicht bearbeiten k\u00f6nnten. Diese Daten werden ohne Ihre ausdr\u00fcckliche Zustimmung nicht offen gelegt oder an Dritte weitergegeben.<br>Im Fall einer missbr\u00e4uchlichen Verwendung unserer Webseite behalten wir uns jedoch vor, bekannt gegebene personenbezogene Daten an zust\u00e4ndige Beh\u00f6rden weiterzuleiten<br><\/p>\n\n\n\n<p>Wenn Sie sich bei uns bewerben, werden wir die von Ihnen bekannt gegebenen personenbezogenen Daten und die von Ihnen zur Verf\u00fcgung gestellten Dokumente ausschlie\u00dflich zum Zweck der Pr\u00fcfung Ihrer Bewerbung und zur Durchf\u00fchrung des Bewerbungsverfahrens verarbeiten. Dabei st\u00fctzen wir uns auf die Erf\u00fcllung vorvertraglicher Pflichten und unsere berechtigten Interessen (Artikel 6 Absatz 1 lit. b und f DSGVO). Ohne Verarbeitung Ihrer personenbezogenen Daten w\u00e4re uns die Pr\u00fcfung Ihrer Bewerbung und die Durchf\u00fchrung des Bewerbungsverfahrens nicht m\u00f6glich. Ohne Ihre vorher erkl\u00e4rte Einwilligung wird Ihre Bewerbung weder evident gehalten noch an dritte Personen weitergeleitet.<\/p>\n\n\n\n<h2 class=\"wp-block-heading has-nv-c-2-background-color has-background\">Unsere Datenspeicherung<\/h2>\n\n\n\n<p>Von Ihnen bekannt gegebene personenbezogene Daten werden von uns nur so lange gespeichert, wie dies f\u00fcr die oben erw\u00e4hnten Zwecke &#8211; f\u00fcr die wir die Daten verarbeiten &#8211; jeweils erforderlich ist.<\/p>\n\n\n\n<p>Aufgrund von gesetzlichen Dokumentations- und Aufbewahrungspflichten kann sich eine l\u00e4ngere Speicherdauer ergeben. Nach Ablauf entsprechender Fristen werden Ihre personenbezogenen Daten gel\u00f6scht, sofern nach der Datenschutz-Grundverordnung keine andere Rechtsgrundlage f\u00fcr eine l\u00e4nger andauernde Speicherung mehr besteht.<\/p>\n\n\n\n<p>Im Falle einer Teilnahme an unseren Bildungs-, Beratungs- und sonstigen Angeboten werden wir Sie in einem pers\u00f6nlichen Gespr\u00e4ch umfassend \u00fcber die Verarbeitung Ihrer Daten Zusammenhang mit Ihrer Teilnahme informieren. <\/p>\n\n\n\n<p>Sie haben jederzeit das Recht auf Auskunft,<\/p>\n\n\n\n<ul class=\"wp-block-list\">\n<li>ob wir personenbezogene Daten von Ihnen verarbeiten,<\/li>\n\n\n\n<li>zu welchen Zwecken personenbezogene Daten von Ihnen verarbeitet werden,<\/li>\n\n\n\n<li>welche Kategorien personenbezogener Daten von Ihnen verarbeitet werden,<\/li>\n\n\n\n<li>an welche Empf\u00e4nger personenbezogene Daten von Ihnen \u00fcbermittelt werden, und<\/li>\n\n\n\n<li>wie lange personenbezogenen Daten von Ihnen bei uns gespeichert bleiben (Artikel 15 DSGVO).<\/li>\n<\/ul>\n\n\n\n<p>Wenn Sie in die Verarbeitung Ihrer personenbezogenen Daten eingewilligt haben, steht Ihnen das Recht auf jederzeitigen Widerruf Ihrer Einwilligung<strong> <\/strong>zu (Artikel 7 Absatz 3 DSGVO).<\/p>\n\n\n\n<p>Sie haben au\u00dferdem das Recht auf L\u00f6schung Ihrer personenbezogenen Daten, wenn f\u00fcr die Verarbeitung Ihrer personenbezogenen Daten keine taugliche Rechtsgrundlage nach der Datenschutz-Grundverordnung mehr besteht (Artikel 17 DSGVO).<\/p>\n\n\n\n<p>Weitere etaillierte Informationen zu Ihren Rechten finden Sie in der <a href=\"https:\/\/eur-lex.europa.eu\/legal-content\/DE\/TXT\/PDF\/?uri=CELEX:32016R0679&amp;from=DE\" target=\"_blank\" rel=\"noreferrer noopener\">deutschsprachigen Version der Datenschutz-Grundverordnung<\/a>.<\/p>\n\n\n\n<p><\/p>\n\n\n\n<p>Zuletzt aktualisiert: 06.05.2024<\/p>\n\n\n\n<p><\/p>\n\n\n\n<p><\/p>\n","protected":false},"excerpt":{"rendered":"<p>Datenschutzerkl\u00e4rung Verein Piramidops Verantwortliche:r: Piramidops, Verein f\u00fcr Frauen und Gemeinwesenarbeit, ZVR: 686845058 (im Folgenden Piramidops), Telefon: 01\/942 5 330. Die Datenschutzbeauftragte von Piramidops ist unter den oben angef\u00fchrten Kontaktdaten erreichbar. Da durch neue Technologien und die st\u00e4ndige Weiterentwicklung dieser Website \u00c4nderungen an der Datenschutzerkl\u00e4rung vorgenommen werden k\u00f6nnen, empfehlen wir, die Datenschutzerkl\u00e4rung in regelm\u00e4\u00dfigen Abst\u00e4nden erneut&hellip;&nbsp;<a href=\"https:\/\/piramidops.com\/?page_id=2925\" rel=\"bookmark\">Weiterlesen &raquo;<span class=\"screen-reader-text\">Datenschutzerkl\u00e4rung<\/span><\/a><\/p>\n","protected":false},"author":2,"featured_media":0,"parent":0,"menu_order":1,"comment_status":"closed","ping_status":"closed","template":"","meta":{"neve_meta_sidebar":"","neve_meta_container":"","neve_meta_enable_content_width":"","neve_meta_content_width":0,"neve_meta_title_alignment":"","neve_meta_author_avatar":"","neve_post_elements_order":"","neve_meta_disable_header":"","neve_meta_disable_footer":"","neve_meta_disable_title":"","footnotes":""},"class_list":["post-2925","page","type-page","status-publish","hentry"],"jetpack_sharing_enabled":true,"_links":{"self":[{"href":"https:\/\/piramidops.com\/index.php?rest_route=\/wp\/v2\/pages\/2925","targetHints":{"allow":["GET"]}}],"collection":[{"href":"https:\/\/piramidops.com\/index.php?rest_route=\/wp\/v2\/pages"}],"about":[{"href":"https:\/\/piramidops.com\/index.php?rest_route=\/wp\/v2\/types\/page"}],"author":[{"embeddable":true,"href":"https:\/\/piramidops.com\/index.php?rest_route=\/wp\/v2\/users\/2"}],"replies":[{"embeddable":true,"href":"https:\/\/piramidops.com\/index.php?rest_route=%2Fwp%2Fv2%2Fcomments&post=2925"}],"version-history":[{"count":6,"href":"https:\/\/piramidops.com\/index.php?rest_route=\/wp\/v2\/pages\/2925\/revisions"}],"predecessor-version":[{"id":3218,"href":"https:\/\/piramidops.com\/index.php?rest_route=\/wp\/v2\/pages\/2925\/revisions\/3218"}],"wp:attachment":[{"href":"https:\/\/piramidops.com\/index.php?rest_route=%2Fwp%2Fv2%2Fmedia&parent=2925"}],"curies":[{"name":"wp","href":"https:\/\/api.w.org\/{rel}","templated":true}]}}