{"id":52,"date":"2018-11-23T15:06:39","date_gmt":"2018-11-23T13:06:39","guid":{"rendered":"http:\/\/piramidops.com\/?page_id=52"},"modified":"2025-04-14T14:23:18","modified_gmt":"2025-04-14T12:23:18","slug":"projekte","status":"publish","type":"page","link":"https:\/\/piramidops.com\/?page_id=52","title":{"rendered":"Frauencaf\u00e9s und Integration"},"content":{"rendered":"\n<p class=\"has-text-align-left\"><\/p>\n\n\n\n<h2 class=\"wp-block-heading has-nv-c-2-background-color has-background\"><strong>Frauenkulturtreff\/t\u00fcrkische Frauengruppe<\/strong><br>Montag 14:30 &#8211; 17:00 Uhr<\/h2>\n\n\n\n<p>*regelm\u00e4\u00dfige Informations- und Vernetzungstreffen zu Themen wie Alter, Gesundheit, Familie und Wohnen.<br><\/p>\n\n\n<p class=\"has-small-font-size\">Der Frauenkulturentreff und die Beratung werden aus Mitteln der Stadt Wien (MA 17)\u00a0 finanziert.<\/p>","protected":false},"excerpt":{"rendered":"<p>Frauenkulturtreff\/t\u00fcrkische FrauengruppeMontag 14:30 &#8211; 17:00 Uhr *regelm\u00e4\u00dfige Informations- und Vernetzungstreffen zu Themen wie Alter, Gesundheit, Familie und Wohnen. Der Frauenkulturentreff und die Beratung werden aus Mitteln der Stadt Wien (MA 17)\u00a0 finanziert.<\/p>\n","protected":false},"author":2,"featured_media":0,"parent":0,"menu_order":0,"comment_status":"closed","ping_status":"closed","template":"","meta":{"neve_meta_sidebar":"","neve_meta_container":"","neve_meta_enable_content_width":"","neve_meta_content_width":0,"neve_meta_title_alignment":"","neve_meta_author_avatar":"","neve_post_elements_order":"","neve_meta_disable_header":"","neve_meta_disable_footer":"","neve_meta_disable_title":"","footnotes":""},"class_list":["post-52","page","type-page","status-publish","hentry"],"jetpack_sharing_enabled":true,"_links":{"self":[{"href":"https:\/\/piramidops.com\/index.php?rest_route=\/wp\/v2\/pages\/52","targetHints":{"allow":["GET"]}}],"collection":[{"href":"https:\/\/piramidops.com\/index.php?rest_route=\/wp\/v2\/pages"}],"about":[{"href":"https:\/\/piramidops.com\/index.php?rest_route=\/wp\/v2\/types\/page"}],"author":[{"embeddable":true,"href":"https:\/\/piramidops.com\/index.php?rest_route=\/wp\/v2\/users\/2"}],"replies":[{"embeddable":true,"href":"https:\/\/piramidops.com\/index.php?rest_route=%2Fwp%2Fv2%2Fcomments&post=52"}],"version-history":[{"count":6,"href":"https:\/\/piramidops.com\/index.php?rest_route=\/wp\/v2\/pages\/52\/revisions"}],"predecessor-version":[{"id":4195,"href":"https:\/\/piramidops.com\/index.php?rest_route=\/wp\/v2\/pages\/52\/revisions\/4195"}],"wp:attachment":[{"href":"https:\/\/piramidops.com\/index.php?rest_route=%2Fwp%2Fv2%2Fmedia&parent=52"}],"curies":[{"name":"wp","href":"https:\/\/api.w.org\/{rel}","templated":true}]}}