{"id":95,"date":"2018-11-26T14:30:01","date_gmt":"2018-11-26T12:30:01","guid":{"rendered":"http:\/\/piramidops.com\/?page_id=95"},"modified":"2026-01-12T12:47:51","modified_gmt":"2026-01-12T11:47:51","slug":"gemeinwesen","status":"publish","type":"page","link":"https:\/\/piramidops.com\/?page_id=95","title":{"rendered":"Gemeinwesen"},"content":{"rendered":"\n<p>Der Bereich <strong>Gemeinwesenarbeit<\/strong> des Vereins Piramidops fokussiert auf die Zusammenarbeit und Vernetzung im Gr\u00e4tzl und f\u00f6rdert Begegnung, Austausch und Teilhabe von Bewohner_innen auf <strong>k\u00fcnstlerischer, kreativer, sportlicher und nachbarschaftlicher Ebene<\/strong><\/p>\n\n\n\n<p>Unsere Angebote richten sich an <strong>alle Bewohner_innen des Gr\u00e4tzls<\/strong>, mit einem besonderen Fokus auf <strong>Frauenf\u00f6rderung<\/strong> sowie auf ein <strong>gemeinschaftliches, solidarisches Zusammenleben<\/strong>. Ziel ist es, R\u00e4ume f\u00fcr Begegnung zu schaffen, soziale Beziehungen zu st\u00e4rken und die aktive Mitgestaltung des Wohnumfelds zu f\u00f6rdern.<\/p>\n\n\n\n<p>Je nach F\u00f6rderm\u00f6glichkeiten werden im Rahmen der Gemeinwesenarbeit <strong>Sport- und Bewegungsprogramme<\/strong>, <strong>Feste<\/strong> sowie <strong>Veranstaltungen<\/strong> umgesetzt. Diese erfolgen in enger Zusammenarbeit mit Partnern wie der <strong>Gebietsbetreuung<\/strong>, dem <strong>Jugendzentrum J.AT<\/strong> sowie <strong>Schulen aus der Umgebung<\/strong>.<\/p>\n\n\n\n<p>Zu den laufenden Angeboten z\u00e4hlen unter anderem:<\/p>\n\n\n\n<ul class=\"wp-block-list\">\n<li><strong>Garten Samba<\/strong> \u2013 ein kreatives Angebot im \u00f6ffentlichen Raum<\/li>\n\n\n\n<li><strong>Frauenkulturen-Caf\u00e9<\/strong> \u2013 eine offene Gespr\u00e4chsgruppe f\u00fcr t\u00fcrkischsprachige Frauen<br><em>(jeden Montag um 14:30 Uhr im Jugendzentrum am Volkertplatz)<\/em><\/li>\n\n\n\n<li><strong>Buchclub<\/strong> bis Dezember 2025<\/li>\n\n\n\n<li>Offene Bewegungs -und Begegnungsgruppe ab Februar 2026<\/li>\n<\/ul>\n\n\n\n<p>Dar\u00fcber hinaus initiiert der Verein Piramidops <strong>punktuelle, projektbezogene Kooperationen<\/strong> mit Initiativen und Vereinen aus der Nachbarschaft, sofern sich inhaltliche \u00dcberschneidungen und gemeinsame Ziele ergeben. Auf diese Weise entsteht ein lebendiges Netzwerk, das Begegnung, Mitwirkung und Zusammenhalt im Gr\u00e4tzl nachhaltig st\u00e4rkt.<\/p>\n\n\n\n<figure class=\"wp-block-gallery has-nested-images columns-default is-cropped wp-block-gallery-1 is-layout-flex wp-block-gallery-is-layout-flex\">\n<figure class=\"wp-block-image size-large\"><img loading=\"lazy\" decoding=\"async\" width=\"640\" height=\"480\" data-id=\"66\" src=\"https:\/\/piramidops.com\/wp-content\/uploads\/2018\/11\/fahrradkurs-1-2.jpg?w=640\" alt=\"Fahrrad lernen im Frauentreff\" class=\"wp-image-66\" srcset=\"https:\/\/piramidops.com\/wp-content\/uploads\/2018\/11\/fahrradkurs-1-2.jpg 640w, https:\/\/piramidops.com\/wp-content\/uploads\/2018\/11\/fahrradkurs-1-2-600x450.jpg 600w, https:\/\/piramidops.com\/wp-content\/uploads\/2018\/11\/fahrradkurs-1-2-300x225.jpg 300w\" sizes=\"auto, (max-width: 640px) 100vw, 640px\" \/><figcaption class=\"wp-element-caption\">Fahrrad lernen im Frauentreff<\/figcaption><\/figure>\n\n\n\n<figure class=\"wp-block-image size-large\"><img decoding=\"async\" data-id=\"67\" src=\"https:\/\/piramidops.com\/wp-content\/uploads\/2018\/11\/2014-09-04-11-45-29-2.jpg?w=736\" alt=\"Gemeinschaftsgarten Samba\" class=\"wp-image-67\"\/><figcaption class=\"wp-element-caption\">Gemeinschaftsgarten Samba<\/figcaption><\/figure>\n\n\n\n<figure class=\"wp-block-image size-large\"><img loading=\"lazy\" decoding=\"async\" width=\"1920\" height=\"2560\" data-id=\"62\" src=\"https:\/\/piramidops.com\/wp-content\/uploads\/2018\/11\/2013-04-19-08-24-05-2.jpg?w=736\" alt=\"Atelierrundgang am Volkertplatz\" class=\"wp-image-62\" srcset=\"https:\/\/piramidops.com\/wp-content\/uploads\/2018\/11\/2013-04-19-08-24-05-2.jpg 1920w, https:\/\/piramidops.com\/wp-content\/uploads\/2018\/11\/2013-04-19-08-24-05-2-600x800.jpg 600w, https:\/\/piramidops.com\/wp-content\/uploads\/2018\/11\/2013-04-19-08-24-05-2-225x300.jpg 225w, https:\/\/piramidops.com\/wp-content\/uploads\/2018\/11\/2013-04-19-08-24-05-2-768x1024.jpg 768w, https:\/\/piramidops.com\/wp-content\/uploads\/2018\/11\/2013-04-19-08-24-05-2-1152x1536.jpg 1152w, https:\/\/piramidops.com\/wp-content\/uploads\/2018\/11\/2013-04-19-08-24-05-2-1536x2048.jpg 1536w\" sizes=\"auto, (max-width: 1920px) 100vw, 1920px\" \/><figcaption class=\"wp-element-caption\">Atelierrundgang am Volkertplatz<\/figcaption><\/figure>\n\n\n\n<figure class=\"wp-block-image size-large\"><img loading=\"lazy\" decoding=\"async\" width=\"810\" height=\"594\" data-id=\"337\" src=\"https:\/\/piramidops.com\/wp-content\/uploads\/2019\/05\/frauentag-web-6277-2.jpg?w=736\" alt=\"\" class=\"wp-image-337\" srcset=\"https:\/\/piramidops.com\/wp-content\/uploads\/2019\/05\/frauentag-web-6277-2.jpg 810w, https:\/\/piramidops.com\/wp-content\/uploads\/2019\/05\/frauentag-web-6277-2-600x440.jpg 600w, https:\/\/piramidops.com\/wp-content\/uploads\/2019\/05\/frauentag-web-6277-2-300x220.jpg 300w, https:\/\/piramidops.com\/wp-content\/uploads\/2019\/05\/frauentag-web-6277-2-768x563.jpg 768w\" sizes=\"auto, (max-width: 810px) 100vw, 810px\" \/><\/figure>\n<\/figure>\n","protected":false},"excerpt":{"rendered":"<p>Der Bereich Gemeinwesenarbeit des Vereins Piramidops fokussiert auf die Zusammenarbeit und Vernetzung im Gr\u00e4tzl und f\u00f6rdert Begegnung, Austausch und Teilhabe von Bewohner_innen auf k\u00fcnstlerischer, kreativer, sportlicher und nachbarschaftlicher Ebene Unsere Angebote richten sich an alle Bewohner_innen des Gr\u00e4tzls, mit einem besonderen Fokus auf Frauenf\u00f6rderung sowie auf ein gemeinschaftliches, solidarisches Zusammenleben. Ziel ist es, R\u00e4ume f\u00fcr&hellip;&nbsp;<a href=\"https:\/\/piramidops.com\/?page_id=95\" rel=\"bookmark\">Weiterlesen &raquo;<span class=\"screen-reader-text\">Gemeinwesen<\/span><\/a><\/p>\n","protected":false},"author":2,"featured_media":0,"parent":0,"menu_order":0,"comment_status":"closed","ping_status":"closed","template":"","meta":{"neve_meta_sidebar":"","neve_meta_container":"","neve_meta_enable_content_width":"","neve_meta_content_width":0,"neve_meta_title_alignment":"","neve_meta_author_avatar":"","neve_post_elements_order":"","neve_meta_disable_header":"","neve_meta_disable_footer":"","neve_meta_disable_title":"","footnotes":""},"class_list":["post-95","page","type-page","status-publish","hentry"],"jetpack_sharing_enabled":true,"_links":{"self":[{"href":"https:\/\/piramidops.com\/index.php?rest_route=\/wp\/v2\/pages\/95","targetHints":{"allow":["GET"]}}],"collection":[{"href":"https:\/\/piramidops.com\/index.php?rest_route=\/wp\/v2\/pages"}],"about":[{"href":"https:\/\/piramidops.com\/index.php?rest_route=\/wp\/v2\/types\/page"}],"author":[{"embeddable":true,"href":"https:\/\/piramidops.com\/index.php?rest_route=\/wp\/v2\/users\/2"}],"replies":[{"embeddable":true,"href":"https:\/\/piramidops.com\/index.php?rest_route=%2Fwp%2Fv2%2Fcomments&post=95"}],"version-history":[{"count":5,"href":"https:\/\/piramidops.com\/index.php?rest_route=\/wp\/v2\/pages\/95\/revisions"}],"predecessor-version":[{"id":5111,"href":"https:\/\/piramidops.com\/index.php?rest_route=\/wp\/v2\/pages\/95\/revisions\/5111"}],"wp:attachment":[{"href":"https:\/\/piramidops.com\/index.php?rest_route=%2Fwp%2Fv2%2Fmedia&parent=95"}],"curies":[{"name":"wp","href":"https:\/\/api.w.org\/{rel}","templated":true}]}}